{"id":203,"date":"2015-02-07T13:13:13","date_gmt":"2015-02-07T13:13:13","guid":{"rendered":"http:\/\/wpcharming.wpengine.com\/construction\/?page_id=203"},"modified":"2023-01-16T08:56:17","modified_gmt":"2023-01-16T08:56:17","slug":"konaklama","status":"publish","type":"page","link":"https:\/\/beyturinsaat.com.tr\/en\/hizmetlerimiz\/konaklama","title":{"rendered":"Accommodation"},"content":{"rendered":"<div data-elementor-type=\"wp-page\" data-elementor-id=\"203\" class=\"elementor elementor-203\">\n\t\t\t\t\t\t<section class=\"elementor-section elementor-top-section elementor-element elementor-element-846a5ca elementor-section-boxed elementor-section-height-default elementor-section-height-default\" data-id=\"846a5ca\" data-element_type=\"section\">\n\t\t\t\t\t\t<div class=\"elementor-container elementor-column-gap-no\">\n\t\t\t\t\t<div class=\"elementor-column elementor-col-50 elementor-top-column elementor-element elementor-element-d98e917\" data-id=\"d98e917\" data-element_type=\"column\">\n\t\t\t<div class=\"elementor-widget-wrap elementor-element-populated\">\n\t\t\t\t\t\t<div class=\"elementor-element elementor-element-d8e2c50 elementor-widget elementor-widget-text-editor\" data-id=\"d8e2c50\" data-element_type=\"widget\" data-widget_type=\"text-editor.default\">\n\t\t\t\t<div class=\"elementor-widget-container\">\n\t\t\t\t\t\t\t\t\t<div class=\"main_title text-left\">\n<h2 class=\"title\">MODERN DESIGN<\/h2>\n<\/div>\n<div class=\"wpb_text_column wpb_content_element\">\n<div class=\"wpb_wrapper\">\n\nModern and simple d\u00e9cor, the hotel offers every guest in a way that could respond to the needs of contemporary designed and elaborately decorated. Blending elegance and comfort, the hotel, the 74 rooms.\n<div class=\"main_title text-left\">\n<h2 class=\"title\">Sea, mountain and city views<\/h2>\n<\/div>\n<div class=\"wpb_text_column wpb_content_element\">\n<div class=\"wpb_wrapper\">\n\nFamous Konyaalt\u0131 Beach is located in the corner Park Hotel features stunning sea views, mountain views and city views.\n<div class=\"main_title text-left\">\n<h2 class=\"title\">BLUE FLAG BEACH<\/h2>\n<\/div>\n<div class=\"wpb_text_column wpb_content_element\">\n<div class=\"wpb_wrapper\">\n\nThe corner Park Hotel is located in the heart of the Blue Flag beach, with clean cool water awaits you.\n<div class=\"main_title text-left\">\n<h2 class=\"title\">CENTRAL LOCATION<\/h2>\n<\/div>\n<div class=\"wpb_text_column wpb_content_element\">\n<div class=\"wpb_wrapper\">\n\nThe corner Park Hotel, Antalya city center, on the famous konyaalti Beach, the sea, the world&#039;s biggest tunnel Aquarium, which is 200 meters from the center of Antalya, 1 km from the Ataturk Cultural Center, 1 km Migros AVM Antalya Stadium 1 km from the University of the Mediterranean 1.5 km, 2km education and Research Hospital and 5 km from kaleici Marina, 20 km from the International Airport and inter-city bus station is 5 km away.\nThe corner Park Hotel the city&#039;s major natural and historic sites and entertainment-the distances to activity centers are as follows.\n<h4>Natural-Historical Places<\/h4>\n0-5 km: Lara, the Atat\u00fcrk Park, Yacht Harbor, and Antalya Archeological Museum\n5-20 km: Duden waterfalls, the ancient city of Perge\n20-50 km: Kemer, Phaselis, Olympos, Cirali, Chimera, Aspendos, Kursunlu Waterfall, Manavgat waterfall, G\u00f6yn\u00fck Canyon, Olympos cable car, Termessos, Sakl\u0131kent ski resort\n<h4>Entertainment and activity centers<\/h4>\n0-5 km from Antalya Aquarium, Antalya Arena Football Stadium, Atat\u00fcrk Cultural Center, Antalya State Theatre, Hasim Iscan Culture Center, Migros shopping center, the mall eras, Markantalya mall, \u00d6zdilek shopping center, amusement park, Aqualand water park, Dolphinland,\n5-20 km: shopping centre, Terracity, Shemall shopping mall, Laura shopping center, Kalei\u00e7i Marina\n20-50 km: Belt, Club Aura, Inferno Club, Club Kristall, Rafting K\u00f6pr\u00fcl\u00fc Kanyon, Sakl\u0131kent ski resort\n\n<\/div>\n<\/div>\n<\/div>\n<\/div>\n<\/div>\n<\/div>\n<\/div>\n<\/div>\t\t\t\t\t\t\t\t<\/div>\n\t\t\t\t<\/div>\n\t\t\t\t\t<\/div>\n\t\t<\/div>\n\t\t\t\t<div class=\"elementor-column elementor-col-50 elementor-top-column elementor-element elementor-element-84238bb\" data-id=\"84238bb\" data-element_type=\"column\">\n\t\t\t<div class=\"elementor-widget-wrap elementor-element-populated\">\n\t\t\t\t\t\t<div class=\"elementor-element elementor-element-238323e elementor-widget elementor-widget-image\" data-id=\"238323e\" data-element_type=\"widget\" data-widget_type=\"image.default\">\n\t\t\t\t<div class=\"elementor-widget-container\">\n\t\t\t\t\t\t\t\t\t\t\t\t\t\t\t<img fetchpriority=\"high\" decoding=\"async\" width=\"800\" height=\"534\" src=\"https:\/\/beyturinsaat.com.tr\/wp-content\/uploads\/2022\/12\/THECORNER011-1024x683.jpg\" class=\"attachment-large size-large wp-image-1783\" alt=\"\" srcset=\"https:\/\/beyturinsaat.com.tr\/wp-content\/uploads\/2022\/12\/THECORNER011-1024x683.jpg 1024w, https:\/\/beyturinsaat.com.tr\/wp-content\/uploads\/2022\/12\/THECORNER011-300x200.jpg 300w, https:\/\/beyturinsaat.com.tr\/wp-content\/uploads\/2022\/12\/THECORNER011-768x512.jpg 768w, https:\/\/beyturinsaat.com.tr\/wp-content\/uploads\/2022\/12\/THECORNER011-18x12.jpg 18w, https:\/\/beyturinsaat.com.tr\/wp-content\/uploads\/2022\/12\/THECORNER011.jpg 1200w\" sizes=\"(max-width: 800px) 100vw, 800px\" \/>\t\t\t\t\t\t\t\t\t\t\t\t\t\t\t<\/div>\n\t\t\t\t<\/div>\n\t\t\t\t<div class=\"elementor-element elementor-element-c5fc1ef elementor-widget elementor-widget-image\" data-id=\"c5fc1ef\" data-element_type=\"widget\" data-widget_type=\"image.default\">\n\t\t\t\t<div class=\"elementor-widget-container\">\n\t\t\t\t\t\t\t\t\t\t\t\t\t\t\t<img decoding=\"async\" width=\"800\" height=\"585\" src=\"https:\/\/beyturinsaat.com.tr\/wp-content\/uploads\/2022\/10\/Manzara-1024x749-1.jpg\" class=\"attachment-large size-large wp-image-1653\" alt=\"\" srcset=\"https:\/\/beyturinsaat.com.tr\/wp-content\/uploads\/2022\/10\/Manzara-1024x749-1.jpg 1024w, https:\/\/beyturinsaat.com.tr\/wp-content\/uploads\/2022\/10\/Manzara-1024x749-1-300x219.jpg 300w, https:\/\/beyturinsaat.com.tr\/wp-content\/uploads\/2022\/10\/Manzara-1024x749-1-768x562.jpg 768w\" sizes=\"(max-width: 800px) 100vw, 800px\" \/>\t\t\t\t\t\t\t\t\t\t\t\t\t\t\t<\/div>\n\t\t\t\t<\/div>\n\t\t\t\t\t<\/div>\n\t\t<\/div>\n\t\t\t\t\t<\/div>\n\t\t<\/section>\n\t\t\t\t<section class=\"elementor-section elementor-top-section elementor-element elementor-element-f1865fb elementor-section-boxed elementor-section-height-default elementor-section-height-default\" data-id=\"f1865fb\" data-element_type=\"section\">\n\t\t\t\t\t\t<div class=\"elementor-container elementor-column-gap-no\">\n\t\t\t\t\t<div class=\"elementor-column elementor-col-50 elementor-top-column elementor-element elementor-element-0efdc01\" data-id=\"0efdc01\" data-element_type=\"column\">\n\t\t\t<div class=\"elementor-widget-wrap elementor-element-populated\">\n\t\t\t\t\t\t<div class=\"elementor-element elementor-element-c660947 elementor-widget elementor-widget-text-editor\" data-id=\"c660947\" data-element_type=\"widget\" data-widget_type=\"text-editor.default\">\n\t\t\t\t<div class=\"elementor-widget-container\">\n\t\t\t\t\t\t\t\t\t<div class=\"main_title text-left\"><h2 class=\"title\"><strong>Kendi Enerjimizi \u00dcretiyoruz<\/strong><\/h2><h2 class=\"title\"><strong><span style=\"color: #339966;\">Do\u011fay\u0131 Koruyoruz<\/span><\/strong><\/h2><\/div><div class=\"wpb_text_column wpb_content_element\"><div class=\"wpb_wrapper\"><p>K\u00fcresel \u0131s\u0131nmaya neden olan temel etkenin Co2 gaz\u0131n\u0131n ortaya \u00e7\u0131kmas\u0131n\u0131n en b\u00fcy\u00fck sebebinin ise enerji \u00fcretimi oldu\u011fu yap\u0131lan \u00e7al\u0131\u015fmalar sonucunda g\u00f6r\u00fclmektedir. Yenilenebilir enerji kaynaklar\u0131ndan ve n\u00fckleer enerji kaynaklar\u0131ndan enerji \u00fcretimi d\u0131\u015f\u0131nda kalan enerji \u00fcretim teknikleri zararl\u0131 bir\u00e7ok gaz\u0131n yan\u0131nda Co2 gaz\u0131n\u0131n ortaya \u00e7\u0131kmas\u0131na sebep olmaktad\u0131r. The Corner Park Hotel 23kWp kapasiteli 200 adet fotovoltaik (PV) panel ile kendi elektrik enerjisi \u00fcretirken 38 adet g\u00fcn\u0131s\u0131 paneliyle de s\u0131cak su ihtiyac\u0131n\u0131 kar\u015f\u0131lamaktad\u0131r ve y\u0131lda ortalama 30 ton Co2 sal\u0131n\u0131m\u0131n\u0131 \u00f6nlemektedir. Daha az enerji ve su t\u00fcketerek, \u00e7\u00f6plerinizi ayr\u0131\u015ft\u0131r\u0131rarak gezegenimizi kurtarmaya sizde yard\u0131mc\u0131 olabilirsiniz.<\/p><\/div><\/div>\t\t\t\t\t\t\t\t<\/div>\n\t\t\t\t<\/div>\n\t\t\t\t<div class=\"elementor-element elementor-element-bd848bb elementor-widget elementor-widget-image-gallery\" data-id=\"bd848bb\" data-element_type=\"widget\" data-widget_type=\"image-gallery.default\">\n\t\t\t\t<div class=\"elementor-widget-container\">\n\t\t\t\t\t\t\t<div class=\"elementor-image-gallery\">\n\t\t\t\n        <style type='text\/css'>\n            #gallery-1 .gallery-item {\n                float: left;\n                text-align: center;\n                width: 50%;\n                margin-bottom:0;\n            }\n            #gallery-1 img {\n            }\n            #gallery-1 .gallery-caption {\n                margin-left: 0;\n            }\n        <\/style>\n\t\t<div id='gallery-1' class='gallery  gallery-columns-2 gallery-size-medium-thumb gallery-lightbox'><dl class='gallery-item'>\n            <dt class='gallery-icon'>\n                <a data-elementor-open-lightbox=\"yes\" data-elementor-lightbox-slideshow=\"bd848bb\" data-elementor-lightbox-title=\"8C1A0712 - frame at 2m2s\" data-e-action-hash=\"#elementor-action%3Aaction%3Dlightbox%26settings%3DeyJpZCI6MTgzNCwidXJsIjoiaHR0cHM6XC9cL2JleXR1cmluc2FhdC5jb20udHJcL3dwLWNvbnRlbnRcL3VwbG9hZHNcLzIwMjJcLzEyXC84QzFBMDcxMi1mcmFtZS1hdC0ybTJzLTIuanBnIiwic2xpZGVzaG93IjoiYmQ4NDhiYiJ9\" href='https:\/\/beyturinsaat.com.tr\/wp-content\/uploads\/2022\/12\/8C1A0712-frame-at-2m2s-2.jpg'><img decoding=\"async\" width=\"600\" height=\"300\" src=\"https:\/\/beyturinsaat.com.tr\/wp-content\/uploads\/2022\/12\/8C1A0712-frame-at-2m2s-2-600x300.jpg\" class=\"attachment-medium-thumb size-medium-thumb\" alt=\"\" srcset=\"https:\/\/beyturinsaat.com.tr\/wp-content\/uploads\/2022\/12\/8C1A0712-frame-at-2m2s-2-600x300.jpg 600w, https:\/\/beyturinsaat.com.tr\/wp-content\/uploads\/2022\/12\/8C1A0712-frame-at-2m2s-2-18x10.jpg 18w, https:\/\/beyturinsaat.com.tr\/wp-content\/uploads\/2022\/12\/8C1A0712-frame-at-2m2s-2-400x200.jpg 400w, https:\/\/beyturinsaat.com.tr\/wp-content\/uploads\/2022\/12\/8C1A0712-frame-at-2m2s-2-800x400.jpg 800w\" sizes=\"(max-width: 600px) 100vw, 600px\" \/><\/a>\n            <\/dt><\/dl><dl class='gallery-item'>\n            <dt class='gallery-icon'>\n                <a data-elementor-open-lightbox=\"yes\" data-elementor-lightbox-slideshow=\"bd848bb\" data-elementor-lightbox-title=\"2-1024x768\" data-e-action-hash=\"#elementor-action%3Aaction%3Dlightbox%26settings%3DeyJpZCI6MTgzMywidXJsIjoiaHR0cHM6XC9cL2JleXR1cmluc2FhdC5jb20udHJcL3dwLWNvbnRlbnRcL3VwbG9hZHNcLzIwMjJcLzEyXC8yLTEwMjR4NzY4LTEuanBnIiwic2xpZGVzaG93IjoiYmQ4NDhiYiJ9\" href='https:\/\/beyturinsaat.com.tr\/wp-content\/uploads\/2022\/12\/2-1024x768-1.jpg'><img loading=\"lazy\" decoding=\"async\" width=\"600\" height=\"300\" src=\"https:\/\/beyturinsaat.com.tr\/wp-content\/uploads\/2022\/12\/2-1024x768-1-600x300.jpg\" class=\"attachment-medium-thumb size-medium-thumb\" alt=\"\" srcset=\"https:\/\/beyturinsaat.com.tr\/wp-content\/uploads\/2022\/12\/2-1024x768-1-600x300.jpg 600w, https:\/\/beyturinsaat.com.tr\/wp-content\/uploads\/2022\/12\/2-1024x768-1-400x200.jpg 400w, https:\/\/beyturinsaat.com.tr\/wp-content\/uploads\/2022\/12\/2-1024x768-1-800x400.jpg 800w\" sizes=\"(max-width: 600px) 100vw, 600px\" \/><\/a>\n            <\/dt><\/dl><div class=\"clear\"><\/div><dl class='gallery-item'>\n            <dt class='gallery-icon'>\n                <a data-elementor-open-lightbox=\"yes\" data-elementor-lightbox-slideshow=\"bd848bb\" data-elementor-lightbox-title=\"WhatsApp-Image-2022-09-27-at-13.25.38-1024x576\" data-e-action-hash=\"#elementor-action%3Aaction%3Dlightbox%26settings%3DeyJpZCI6MTg0MCwidXJsIjoiaHR0cHM6XC9cL2JleXR1cmluc2FhdC5jb20udHJcL3dwLWNvbnRlbnRcL3VwbG9hZHNcLzIwMjJcLzEyXC9XaGF0c0FwcC1JbWFnZS0yMDIyLTA5LTI3LWF0LTEzLjI1LjM4LTEwMjR4NTc2LTEuanBlZyIsInNsaWRlc2hvdyI6ImJkODQ4YmIifQ%3D%3D\" href='https:\/\/beyturinsaat.com.tr\/wp-content\/uploads\/2022\/12\/WhatsApp-Image-2022-09-27-at-13.25.38-1024x576-1.jpeg'><img loading=\"lazy\" decoding=\"async\" width=\"600\" height=\"300\" src=\"https:\/\/beyturinsaat.com.tr\/wp-content\/uploads\/2022\/12\/WhatsApp-Image-2022-09-27-at-13.25.38-1024x576-1-600x300.jpeg\" class=\"attachment-medium-thumb size-medium-thumb\" alt=\"\" srcset=\"https:\/\/beyturinsaat.com.tr\/wp-content\/uploads\/2022\/12\/WhatsApp-Image-2022-09-27-at-13.25.38-1024x576-1-600x300.jpeg 600w, https:\/\/beyturinsaat.com.tr\/wp-content\/uploads\/2022\/12\/WhatsApp-Image-2022-09-27-at-13.25.38-1024x576-1-18x10.jpeg 18w, https:\/\/beyturinsaat.com.tr\/wp-content\/uploads\/2022\/12\/WhatsApp-Image-2022-09-27-at-13.25.38-1024x576-1-400x200.jpeg 400w, https:\/\/beyturinsaat.com.tr\/wp-content\/uploads\/2022\/12\/WhatsApp-Image-2022-09-27-at-13.25.38-1024x576-1-800x400.jpeg 800w\" sizes=\"(max-width: 600px) 100vw, 600px\" \/><\/a>\n            <\/dt><\/dl><dl class='gallery-item'>\n            <dt class='gallery-icon'>\n                <a data-elementor-open-lightbox=\"yes\" data-elementor-lightbox-slideshow=\"bd848bb\" data-elementor-lightbox-title=\"The Corner Park Hotel\" data-e-action-hash=\"#elementor-action%3Aaction%3Dlightbox%26settings%3DeyJpZCI6MTgzNSwidXJsIjoiaHR0cHM6XC9cL2JleXR1cmluc2FhdC5jb20udHJcL3dwLWNvbnRlbnRcL3VwbG9hZHNcLzIwMjJcLzEyXC82NC0xMDI0eDUyMy0xLmpwZyIsInNsaWRlc2hvdyI6ImJkODQ4YmIifQ%3D%3D\" href='https:\/\/beyturinsaat.com.tr\/wp-content\/uploads\/2022\/12\/64-1024x523-1.jpg'><img loading=\"lazy\" decoding=\"async\" width=\"600\" height=\"300\" src=\"https:\/\/beyturinsaat.com.tr\/wp-content\/uploads\/2022\/12\/64-1024x523-1-600x300.jpg\" class=\"attachment-medium-thumb size-medium-thumb\" alt=\"\" srcset=\"https:\/\/beyturinsaat.com.tr\/wp-content\/uploads\/2022\/12\/64-1024x523-1-600x300.jpg 600w, https:\/\/beyturinsaat.com.tr\/wp-content\/uploads\/2022\/12\/64-1024x523-1-18x9.jpg 18w, https:\/\/beyturinsaat.com.tr\/wp-content\/uploads\/2022\/12\/64-1024x523-1-400x200.jpg 400w, https:\/\/beyturinsaat.com.tr\/wp-content\/uploads\/2022\/12\/64-1024x523-1-800x400.jpg 800w\" sizes=\"(max-width: 600px) 100vw, 600px\" \/><\/a>\n            <\/dt><\/dl><div class=\"clear\"><\/div><dl class='gallery-item'>\n            <dt class='gallery-icon'>\n                <a data-elementor-open-lightbox=\"yes\" data-elementor-lightbox-slideshow=\"bd848bb\" data-elementor-lightbox-title=\"The Corner Park Hotel\" data-e-action-hash=\"#elementor-action%3Aaction%3Dlightbox%26settings%3DeyJpZCI6MTgzNiwidXJsIjoiaHR0cHM6XC9cL2JleXR1cmluc2FhdC5jb20udHJcL3dwLWNvbnRlbnRcL3VwbG9hZHNcLzIwMjJcLzEyXC82NS0xMDI0eDU3NS0xLmpwZyIsInNsaWRlc2hvdyI6ImJkODQ4YmIifQ%3D%3D\" href='https:\/\/beyturinsaat.com.tr\/wp-content\/uploads\/2022\/12\/65-1024x575-1.jpg'><img loading=\"lazy\" decoding=\"async\" width=\"600\" height=\"300\" src=\"https:\/\/beyturinsaat.com.tr\/wp-content\/uploads\/2022\/12\/65-1024x575-1-600x300.jpg\" class=\"attachment-medium-thumb size-medium-thumb\" alt=\"\" srcset=\"https:\/\/beyturinsaat.com.tr\/wp-content\/uploads\/2022\/12\/65-1024x575-1-600x300.jpg 600w, https:\/\/beyturinsaat.com.tr\/wp-content\/uploads\/2022\/12\/65-1024x575-1-18x10.jpg 18w, https:\/\/beyturinsaat.com.tr\/wp-content\/uploads\/2022\/12\/65-1024x575-1-400x200.jpg 400w, https:\/\/beyturinsaat.com.tr\/wp-content\/uploads\/2022\/12\/65-1024x575-1-800x400.jpg 800w\" sizes=\"(max-width: 600px) 100vw, 600px\" \/><\/a>\n            <\/dt><\/dl><dl class='gallery-item'>\n            <dt class='gallery-icon'>\n                <a data-elementor-open-lightbox=\"yes\" data-elementor-lightbox-slideshow=\"bd848bb\" data-elementor-lightbox-title=\"The Corner Park Hotel\" data-e-action-hash=\"#elementor-action%3Aaction%3Dlightbox%26settings%3DeyJpZCI6MTgzNywidXJsIjoiaHR0cHM6XC9cL2JleXR1cmluc2FhdC5jb20udHJcL3dwLWNvbnRlbnRcL3VwbG9hZHNcLzIwMjJcLzEyXC82Ni0xMDI0eDU3NS0xLmpwZyIsInNsaWRlc2hvdyI6ImJkODQ4YmIifQ%3D%3D\" href='https:\/\/beyturinsaat.com.tr\/wp-content\/uploads\/2022\/12\/66-1024x575-1.jpg'><img loading=\"lazy\" decoding=\"async\" width=\"600\" height=\"300\" src=\"https:\/\/beyturinsaat.com.tr\/wp-content\/uploads\/2022\/12\/66-1024x575-1-600x300.jpg\" class=\"attachment-medium-thumb size-medium-thumb\" alt=\"\" srcset=\"https:\/\/beyturinsaat.com.tr\/wp-content\/uploads\/2022\/12\/66-1024x575-1-600x300.jpg 600w, https:\/\/beyturinsaat.com.tr\/wp-content\/uploads\/2022\/12\/66-1024x575-1-18x10.jpg 18w, https:\/\/beyturinsaat.com.tr\/wp-content\/uploads\/2022\/12\/66-1024x575-1-400x200.jpg 400w, https:\/\/beyturinsaat.com.tr\/wp-content\/uploads\/2022\/12\/66-1024x575-1-800x400.jpg 800w\" sizes=\"(max-width: 600px) 100vw, 600px\" \/><\/a>\n            <\/dt><\/dl><div class=\"clear\"><\/div><dl class='gallery-item'>\n            <dt class='gallery-icon'>\n                <a data-elementor-open-lightbox=\"yes\" data-elementor-lightbox-slideshow=\"bd848bb\" data-elementor-lightbox-title=\"The Corner Park Hotel\" data-e-action-hash=\"#elementor-action%3Aaction%3Dlightbox%26settings%3DeyJpZCI6MTgzOCwidXJsIjoiaHR0cHM6XC9cL2JleXR1cmluc2FhdC5jb20udHJcL3dwLWNvbnRlbnRcL3VwbG9hZHNcLzIwMjJcLzEyXC9LYWh2YWx0aS0xMDI0eDY4My0xLmpwZyIsInNsaWRlc2hvdyI6ImJkODQ4YmIifQ%3D%3D\" href='https:\/\/beyturinsaat.com.tr\/wp-content\/uploads\/2022\/12\/Kahvalti-1024x683-1.jpg'><img loading=\"lazy\" decoding=\"async\" width=\"600\" height=\"300\" src=\"https:\/\/beyturinsaat.com.tr\/wp-content\/uploads\/2022\/12\/Kahvalti-1024x683-1-600x300.jpg\" class=\"attachment-medium-thumb size-medium-thumb\" alt=\"\" srcset=\"https:\/\/beyturinsaat.com.tr\/wp-content\/uploads\/2022\/12\/Kahvalti-1024x683-1-600x300.jpg 600w, https:\/\/beyturinsaat.com.tr\/wp-content\/uploads\/2022\/12\/Kahvalti-1024x683-1-400x200.jpg 400w, https:\/\/beyturinsaat.com.tr\/wp-content\/uploads\/2022\/12\/Kahvalti-1024x683-1-800x400.jpg 800w\" sizes=\"(max-width: 600px) 100vw, 600px\" \/><\/a>\n            <\/dt><\/dl><dl class='gallery-item'>\n            <dt class='gallery-icon'>\n                <a data-elementor-open-lightbox=\"yes\" data-elementor-lightbox-slideshow=\"bd848bb\" data-elementor-lightbox-title=\"The Corner Park Hotel\" data-e-action-hash=\"#elementor-action%3Aaction%3Dlightbox%26settings%3DeyJpZCI6MTgzOSwidXJsIjoiaHR0cHM6XC9cL2JleXR1cmluc2FhdC5jb20udHJcL3dwLWNvbnRlbnRcL3VwbG9hZHNcLzIwMjJcLzEyXC9LYWh2YWx0aS1CdWZlc2ktMTAyNHg2ODMtMS5qcGciLCJzbGlkZXNob3ciOiJiZDg0OGJiIn0%3D\" href='https:\/\/beyturinsaat.com.tr\/wp-content\/uploads\/2022\/12\/Kahvalti-Bufesi-1024x683-1.jpg'><img loading=\"lazy\" decoding=\"async\" width=\"600\" height=\"300\" src=\"https:\/\/beyturinsaat.com.tr\/wp-content\/uploads\/2022\/12\/Kahvalti-Bufesi-1024x683-1-600x300.jpg\" class=\"attachment-medium-thumb size-medium-thumb\" alt=\"\" srcset=\"https:\/\/beyturinsaat.com.tr\/wp-content\/uploads\/2022\/12\/Kahvalti-Bufesi-1024x683-1-600x300.jpg 600w, https:\/\/beyturinsaat.com.tr\/wp-content\/uploads\/2022\/12\/Kahvalti-Bufesi-1024x683-1-400x200.jpg 400w, https:\/\/beyturinsaat.com.tr\/wp-content\/uploads\/2022\/12\/Kahvalti-Bufesi-1024x683-1-800x400.jpg 800w\" sizes=\"(max-width: 600px) 100vw, 600px\" \/><\/a>\n            <\/dt><\/dl><div class=\"clear\"><\/div><dl class='gallery-item'>\n            <dt class='gallery-icon'>\n                <a data-elementor-open-lightbox=\"yes\" data-elementor-lightbox-slideshow=\"bd848bb\" data-elementor-lightbox-title=\"The Corner Park Hotel\" data-e-action-hash=\"#elementor-action%3Aaction%3Dlightbox%26settings%3DeyJpZCI6MTc4MywidXJsIjoiaHR0cHM6XC9cL2JleXR1cmluc2FhdC5jb20udHJcL3dwLWNvbnRlbnRcL3VwbG9hZHNcLzIwMjJcLzEyXC9USEVDT1JORVIwMTEuanBnIiwic2xpZGVzaG93IjoiYmQ4NDhiYiJ9\" href='https:\/\/beyturinsaat.com.tr\/wp-content\/uploads\/2022\/12\/THECORNER011.jpg'><img loading=\"lazy\" decoding=\"async\" width=\"600\" height=\"300\" src=\"https:\/\/beyturinsaat.com.tr\/wp-content\/uploads\/2022\/12\/THECORNER011-600x300.jpg\" class=\"attachment-medium-thumb size-medium-thumb\" alt=\"\" srcset=\"https:\/\/beyturinsaat.com.tr\/wp-content\/uploads\/2022\/12\/THECORNER011-600x300.jpg 600w, https:\/\/beyturinsaat.com.tr\/wp-content\/uploads\/2022\/12\/THECORNER011-400x200.jpg 400w, https:\/\/beyturinsaat.com.tr\/wp-content\/uploads\/2022\/12\/THECORNER011-800x400.jpg 800w\" sizes=\"(max-width: 600px) 100vw, 600px\" \/><\/a>\n            <\/dt><\/dl><dl class='gallery-item'>\n            <dt class='gallery-icon'>\n                <a data-elementor-open-lightbox=\"yes\" data-elementor-lightbox-slideshow=\"bd848bb\" data-elementor-lightbox-title=\"The Corner Park Hotel\" data-e-action-hash=\"#elementor-action%3Aaction%3Dlightbox%26settings%3DeyJpZCI6MTc4MiwidXJsIjoiaHR0cHM6XC9cL2JleXR1cmluc2FhdC5jb20udHJcL3dwLWNvbnRlbnRcL3VwbG9hZHNcLzIwMjJcLzEyXC85LTcyMHg0NzAtMS5qcGciLCJzbGlkZXNob3ciOiJiZDg0OGJiIn0%3D\" href='https:\/\/beyturinsaat.com.tr\/wp-content\/uploads\/2022\/12\/9-720x470-1.jpg'><img loading=\"lazy\" decoding=\"async\" width=\"600\" height=\"300\" src=\"https:\/\/beyturinsaat.com.tr\/wp-content\/uploads\/2022\/12\/9-720x470-1-600x300.jpg\" class=\"attachment-medium-thumb size-medium-thumb\" alt=\"\" srcset=\"https:\/\/beyturinsaat.com.tr\/wp-content\/uploads\/2022\/12\/9-720x470-1-600x300.jpg 600w, https:\/\/beyturinsaat.com.tr\/wp-content\/uploads\/2022\/12\/9-720x470-1-400x200.jpg 400w\" sizes=\"(max-width: 600px) 100vw, 600px\" \/><\/a>\n            <\/dt><\/dl><div class=\"clear\"><\/div><dl class='gallery-item'>\n            <dt class='gallery-icon'>\n                <a data-elementor-open-lightbox=\"yes\" data-elementor-lightbox-slideshow=\"bd848bb\" data-elementor-lightbox-title=\"The Corner Park Hotel\" data-e-action-hash=\"#elementor-action%3Aaction%3Dlightbox%26settings%3DeyJpZCI6MTc4MSwidXJsIjoiaHR0cHM6XC9cL2JleXR1cmluc2FhdC5jb20udHJcL3dwLWNvbnRlbnRcL3VwbG9hZHNcLzIwMjJcLzEyXC84QzFBOTk5OC1jb3B5LTEtNzIweDQ3MC0xLmpwZyIsInNsaWRlc2hvdyI6ImJkODQ4YmIifQ%3D%3D\" href='https:\/\/beyturinsaat.com.tr\/wp-content\/uploads\/2022\/12\/8C1A9998-copy-1-720x470-1.jpg'><img loading=\"lazy\" decoding=\"async\" width=\"600\" height=\"300\" src=\"https:\/\/beyturinsaat.com.tr\/wp-content\/uploads\/2022\/12\/8C1A9998-copy-1-720x470-1-600x300.jpg\" class=\"attachment-medium-thumb size-medium-thumb\" alt=\"\" srcset=\"https:\/\/beyturinsaat.com.tr\/wp-content\/uploads\/2022\/12\/8C1A9998-copy-1-720x470-1-600x300.jpg 600w, https:\/\/beyturinsaat.com.tr\/wp-content\/uploads\/2022\/12\/8C1A9998-copy-1-720x470-1-400x200.jpg 400w\" sizes=\"(max-width: 600px) 100vw, 600px\" \/><\/a>\n            <\/dt><\/dl><dl class='gallery-item'>\n            <dt class='gallery-icon'>\n                <a data-elementor-open-lightbox=\"yes\" data-elementor-lightbox-slideshow=\"bd848bb\" data-elementor-lightbox-title=\"The Corner Park Hotel\" data-e-action-hash=\"#elementor-action%3Aaction%3Dlightbox%26settings%3DeyJpZCI6MTc4MCwidXJsIjoiaHR0cHM6XC9cL2JleXR1cmluc2FhdC5jb20udHJcL3dwLWNvbnRlbnRcL3VwbG9hZHNcLzIwMjJcLzEyXC8yLTcyMHg0NzAtMS5qcGciLCJzbGlkZXNob3ciOiJiZDg0OGJiIn0%3D\" href='https:\/\/beyturinsaat.com.tr\/wp-content\/uploads\/2022\/12\/2-720x470-1.jpg'><img loading=\"lazy\" decoding=\"async\" width=\"600\" height=\"300\" src=\"https:\/\/beyturinsaat.com.tr\/wp-content\/uploads\/2022\/12\/2-720x470-1-600x300.jpg\" class=\"attachment-medium-thumb size-medium-thumb\" alt=\"\" srcset=\"https:\/\/beyturinsaat.com.tr\/wp-content\/uploads\/2022\/12\/2-720x470-1-600x300.jpg 600w, https:\/\/beyturinsaat.com.tr\/wp-content\/uploads\/2022\/12\/2-720x470-1-400x200.jpg 400w\" sizes=\"(max-width: 600px) 100vw, 600px\" \/><\/a>\n            <\/dt><\/dl><div class=\"clear\"><\/div>\n            <div class=\"clear\"><\/div>\n        <\/div>\n\t\t<\/div>\n\t\t\t\t\t\t<\/div>\n\t\t\t\t<\/div>\n\t\t\t\t\t<\/div>\n\t\t<\/div>\n\t\t\t\t<div class=\"elementor-column elementor-col-50 elementor-top-column elementor-element elementor-element-08d4fd8\" data-id=\"08d4fd8\" data-element_type=\"column\">\n\t\t\t<div class=\"elementor-widget-wrap elementor-element-populated\">\n\t\t\t\t\t\t<div class=\"elementor-element elementor-element-eef2c24 elementor-widget elementor-widget-image\" data-id=\"eef2c24\" data-element_type=\"widget\" data-widget_type=\"image.default\">\n\t\t\t\t<div class=\"elementor-widget-container\">\n\t\t\t\t\t\t\t\t\t\t\t\t\t\t\t<img loading=\"lazy\" decoding=\"async\" width=\"576\" height=\"1024\" src=\"https:\/\/beyturinsaat.com.tr\/wp-content\/uploads\/2023\/01\/thecorner-576x1024.jpg\" class=\"attachment-large size-large wp-image-1884\" alt=\"\" srcset=\"https:\/\/beyturinsaat.com.tr\/wp-content\/uploads\/2023\/01\/thecorner-576x1024.jpg 576w, https:\/\/beyturinsaat.com.tr\/wp-content\/uploads\/2023\/01\/thecorner-169x300.jpg 169w, https:\/\/beyturinsaat.com.tr\/wp-content\/uploads\/2023\/01\/thecorner-768x1365.jpg 768w, https:\/\/beyturinsaat.com.tr\/wp-content\/uploads\/2023\/01\/thecorner-864x1536.jpg 864w, https:\/\/beyturinsaat.com.tr\/wp-content\/uploads\/2023\/01\/thecorner-7x12.jpg 7w, https:\/\/beyturinsaat.com.tr\/wp-content\/uploads\/2023\/01\/thecorner.jpg 1080w\" sizes=\"(max-width: 576px) 100vw, 576px\" \/>\t\t\t\t\t\t\t\t\t\t\t\t\t\t\t<\/div>\n\t\t\t\t<\/div>\n\t\t\t\t<div class=\"elementor-element elementor-element-dd61a99 elementor-widget elementor-widget-text-editor\" data-id=\"dd61a99\" data-element_type=\"widget\" data-widget_type=\"text-editor.default\">\n\t\t\t\t<div class=\"elementor-widget-container\">\n\t\t\t\t\t\t\t\t\t\n<a class=\"btn btn-primary\" style=\"text-align: left; line-height: 25px; letter-spacing: 1px; font-weight: 500; padding: 11px 18px 13px; border-radius: 2px; margin-bottom: 3px; margin-right: 5px; margin-top: 3px;\" href=\"https:\/\/www.thecornerpark.com\/\" data-stylerecorder=\"true\">VISIT THE WEBSITE&#034;<\/a>\t\t\t\t\t\t\t\t<\/div>\n\t\t\t\t<\/div>\n\t\t\t\t\t<\/div>\n\t\t<\/div>\n\t\t\t\t\t<\/div>\n\t\t<\/section>\n\t\t\t\t<\/div>","protected":false},"excerpt":{"rendered":"<p>Construction consultants provide expert proactive and forensic support for construction projects and construction claims.<\/p>","protected":false},"author":1,"featured_media":1628,"parent":1507,"menu_order":0,"comment_status":"closed","ping_status":"closed","template":"","meta":{"footnotes":""},"class_list":["post-203","page","type-page","status-publish","has-post-thumbnail","hentry"],"_links":{"self":[{"href":"https:\/\/beyturinsaat.com.tr\/en\/wp-json\/wp\/v2\/pages\/203","targetHints":{"allow":["GET"]}}],"collection":[{"href":"https:\/\/beyturinsaat.com.tr\/en\/wp-json\/wp\/v2\/pages"}],"about":[{"href":"https:\/\/beyturinsaat.com.tr\/en\/wp-json\/wp\/v2\/types\/page"}],"author":[{"embeddable":true,"href":"https:\/\/beyturinsaat.com.tr\/en\/wp-json\/wp\/v2\/users\/1"}],"replies":[{"embeddable":true,"href":"https:\/\/beyturinsaat.com.tr\/en\/wp-json\/wp\/v2\/comments?post=203"}],"version-history":[{"count":22,"href":"https:\/\/beyturinsaat.com.tr\/en\/wp-json\/wp\/v2\/pages\/203\/revisions"}],"predecessor-version":[{"id":1893,"href":"https:\/\/beyturinsaat.com.tr\/en\/wp-json\/wp\/v2\/pages\/203\/revisions\/1893"}],"up":[{"embeddable":true,"href":"https:\/\/beyturinsaat.com.tr\/en\/wp-json\/wp\/v2\/pages\/1507"}],"wp:featuredmedia":[{"embeddable":true,"href":"https:\/\/beyturinsaat.com.tr\/en\/wp-json\/wp\/v2\/media\/1628"}],"wp:attachment":[{"href":"https:\/\/beyturinsaat.com.tr\/en\/wp-json\/wp\/v2\/media?parent=203"}],"curies":[{"name":"wp","href":"https:\/\/api.w.org\/{rel}","templated":true}]}}