{"id":21,"date":"2015-02-05T10:21:41","date_gmt":"2015-02-05T10:21:41","guid":{"rendered":"http:\/\/wpcharming.wpengine.com\/construction\/?page_id=21"},"modified":"2022-10-12T10:16:08","modified_gmt":"2022-10-12T10:16:08","slug":"hakkimizda","status":"publish","type":"page","link":"https:\/\/beyturinsaat.com.tr\/en\/hakkimizda","title":{"rendered":"About us"},"content":{"rendered":"<div data-elementor-type=\"wp-page\" data-elementor-id=\"21\" class=\"elementor elementor-21\">\n\t\t\t\t\t\t<section class=\"elementor-section elementor-top-section elementor-element elementor-element-1e226e3 elementor-section-boxed elementor-section-height-default elementor-section-height-default\" data-id=\"1e226e3\" data-element_type=\"section\">\n\t\t\t\t\t\t<div class=\"elementor-container elementor-column-gap-wide\">\n\t\t\t\t\t<div class=\"elementor-column elementor-col-100 elementor-top-column elementor-element elementor-element-ba65417\" data-id=\"ba65417\" data-element_type=\"column\">\n\t\t\t<div class=\"elementor-widget-wrap elementor-element-populated\">\n\t\t\t\t\t\t<div class=\"elementor-element elementor-element-569c6f4 elementor-widget elementor-widget-image\" data-id=\"569c6f4\" data-element_type=\"widget\" data-widget_type=\"image.default\">\n\t\t\t\t<div class=\"elementor-widget-container\">\n\t\t\t\t\t\t\t\t\t\t\t\t\t\t\t<img fetchpriority=\"high\" decoding=\"async\" width=\"1600\" height=\"900\" src=\"https:\/\/beyturinsaat.com.tr\/wp-content\/uploads\/2022\/10\/Beytur1.jpeg\" class=\"attachment-full size-full wp-image-1622\" alt=\"\" srcset=\"https:\/\/beyturinsaat.com.tr\/wp-content\/uploads\/2022\/10\/Beytur1.jpeg 1600w, https:\/\/beyturinsaat.com.tr\/wp-content\/uploads\/2022\/10\/Beytur1-300x169.jpeg 300w, https:\/\/beyturinsaat.com.tr\/wp-content\/uploads\/2022\/10\/Beytur1-1024x576.jpeg 1024w, https:\/\/beyturinsaat.com.tr\/wp-content\/uploads\/2022\/10\/Beytur1-768x432.jpeg 768w, https:\/\/beyturinsaat.com.tr\/wp-content\/uploads\/2022\/10\/Beytur1-1536x864.jpeg 1536w\" sizes=\"(max-width: 1600px) 100vw, 1600px\" \/>\t\t\t\t\t\t\t\t\t\t\t\t\t\t\t<\/div>\n\t\t\t\t<\/div>\n\t\t\t\t<div class=\"elementor-element elementor-element-c7ba372 elementor-widget elementor-widget-wpc-custom-heading\" data-id=\"c7ba372\" data-element_type=\"widget\" data-widget_type=\"wpc-custom-heading.default\">\n\t\t\t\t<div class=\"elementor-widget-container\">\n\t\t\t\t\t\n        <div class=\"custom-heading wpb_content_element  heading-medium\">\n            <h2 class=\"heading-title\" >About us<\/h2>\n            <span class=\"heading-line primary\"><\/span>\n        <\/div>\t\t\t\t<\/div>\n\t\t\t\t<\/div>\n\t\t\t\t<div class=\"elementor-element elementor-element-e288fa1 elementor-widget elementor-widget-text-editor\" data-id=\"e288fa1\" data-element_type=\"widget\" data-widget_type=\"text-editor.default\">\n\t\t\t\t<div class=\"elementor-widget-container\">\n\t\t\t\t\t\t\t\t\t<div id=\"footer-1\" class=\"footer-1 footer-column widget-area\" role=\"complementary\"><aside id=\"text-3\" class=\"widget widget_text\"><div class=\"textwidget\"><p>Founded in 1986 as a family business in the building trade loins Beytur Turizm A. \u015f. housing, offices, cooperative, and the construction of the hotel, as well as continuing its activities in the field of hotel management and restaurant management.<\/p><\/div><\/aside><\/div>\t\t\t\t\t\t\t\t<\/div>\n\t\t\t\t<\/div>\n\t\t\t\t\t<\/div>\n\t\t<\/div>\n\t\t\t\t\t<\/div>\n\t\t<\/section>\n\t\t\t\t<\/div>","protected":false},"excerpt":{"rendered":"<p>HAKKIMIZDA 1986 y\u0131l\u0131nda aile \u015firketi olarak kurulan Beytur Belde Yap\u0131 Ticaret Turizm A.\u015e. konut, i\u015f han\u0131, kooperatif ve otel in\u015faatlar\u0131n\u0131n yan\u0131 &#8230;<\/p>","protected":false},"author":1,"featured_media":0,"parent":0,"menu_order":0,"comment_status":"closed","ping_status":"closed","template":"","meta":{"footnotes":""},"class_list":["post-21","page","type-page","status-publish","hentry"],"_links":{"self":[{"href":"https:\/\/beyturinsaat.com.tr\/en\/wp-json\/wp\/v2\/pages\/21","targetHints":{"allow":["GET"]}}],"collection":[{"href":"https:\/\/beyturinsaat.com.tr\/en\/wp-json\/wp\/v2\/pages"}],"about":[{"href":"https:\/\/beyturinsaat.com.tr\/en\/wp-json\/wp\/v2\/types\/page"}],"author":[{"embeddable":true,"href":"https:\/\/beyturinsaat.com.tr\/en\/wp-json\/wp\/v2\/users\/1"}],"replies":[{"embeddable":true,"href":"https:\/\/beyturinsaat.com.tr\/en\/wp-json\/wp\/v2\/comments?post=21"}],"version-history":[{"count":0,"href":"https:\/\/beyturinsaat.com.tr\/en\/wp-json\/wp\/v2\/pages\/21\/revisions"}],"wp:attachment":[{"href":"https:\/\/beyturinsaat.com.tr\/en\/wp-json\/wp\/v2\/media?parent=21"}],"curies":[{"name":"wp","href":"https:\/\/api.w.org\/{rel}","templated":true}]}}