{"id":25,"date":"2015-02-05T10:22:10","date_gmt":"2015-02-05T10:22:10","guid":{"rendered":"http:\/\/wpcharming.wpengine.com\/construction\/?page_id=25"},"modified":"2023-02-01T16:43:05","modified_gmt":"2023-02-01T16:43:05","slug":"iletisim","status":"publish","type":"page","link":"https:\/\/beyturinsaat.com.tr\/ru\/iletisim","title":{"rendered":"\u0421\u0432\u044f\u0437\u044c"},"content":{"rendered":"<div data-elementor-type=\"wp-page\" data-elementor-id=\"25\" class=\"elementor elementor-25\">\n\t\t\t\t\t\t<section class=\"elementor-section elementor-top-section elementor-element elementor-element-9758e24 elementor-section-boxed elementor-section-height-default elementor-section-height-default\" data-id=\"9758e24\" data-element_type=\"section\">\n\t\t\t\t\t\t<div class=\"elementor-container elementor-column-gap-wide\">\n\t\t\t\t\t<div class=\"elementor-column elementor-col-50 elementor-top-column elementor-element elementor-element-5f56cef\" data-id=\"5f56cef\" data-element_type=\"column\">\n\t\t\t<div class=\"elementor-widget-wrap elementor-element-populated\">\n\t\t\t\t\t\t<div class=\"elementor-element elementor-element-f54addb elementor-widget elementor-widget-wpc-custom-heading\" data-id=\"f54addb\" data-element_type=\"widget\" data-widget_type=\"wpc-custom-heading.default\">\n\t\t\t\t<div class=\"elementor-widget-container\">\n\t\t\t\t\t\n        <div class=\"custom-heading wpb_content_element\">\n            <h2 class=\"heading-title\" >\u041a\u041e\u041d\u0422\u0410\u041a\u0422\u041d\u0410\u042f \u0418\u041d\u0424\u041e\u0420\u041c\u0410\u0426\u0418\u042f<\/h2>\n            <span class=\"heading-line primary\"><\/span>\n        <\/div>\t\t\t\t<\/div>\n\t\t\t\t<\/div>\n\t\t\t\t<div class=\"elementor-element elementor-element-1fe24b3 elementor-widget elementor-widget-text-editor\" data-id=\"1fe24b3\" data-element_type=\"widget\" data-widget_type=\"text-editor.default\">\n\t\t\t\t<div class=\"elementor-widget-container\">\n\t\t\t\t\t\t\t\t\t<div class=\"elementor-element elementor-element-6ca4330 elementor-widget elementor-widget-section_title\" data-id=\"6ca4330\" data-element_type=\"widget\" data-widget_type=\"section_title.default\"><div class=\"elementor-widget-container\"><div class=\"pt-section-title-box\"><div class=\"vlt-animate-element elementor-element elementor-element-2113bd3 elementor-widget elementor-widget-text-editor animate__animated animate__fadeInUpSm\" data-animation-name=\"fadeInUpSm\" data-id=\"2113bd3\" data-element_type=\"widget\" data-settings=\"{&quot;vlt_animated_widget_animation&quot;:&quot;fadeInUpSm&quot;}\" data-widget_type=\"text-editor.default\"><div class=\"elementor-widget-container\"><p>\u041f\u043e\u0437\u0432\u043e\u043d\u0438\u0442\u0435 \u043d\u0430\u043c \u0438\u043b\u0438 \u0437\u0430\u0439\u0434\u0438\u0442\u0435 \u0432 \u043b\u044e\u0431\u043e\u0435 \u0432\u0440\u0435\u043c\u044f, \u043c\u044b \u0441\u0442\u0430\u0440\u0430\u0435\u043c\u0441\u044f \u043e\u0442\u0432\u0435\u0442\u0438\u0442\u044c \u043d\u0430 \u0432\u0441\u0435 \u0432\u0430\u0448\u0438 \u0432\u043e\u043f\u0440\u043e\u0441\u044b \u0432 \u0442\u0435\u0447\u0435\u043d\u0438\u0435 24 \u0447\u0430\u0441\u043e\u0432 \u0432 \u0440\u0430\u0431\u043e\u0447\u0438\u0435 \u0434\u043d\u0438.\u00a0<\/p><\/div><\/div><\/div><\/div><\/div>\t\t\t\t\t\t\t\t<\/div>\n\t\t\t\t<\/div>\n\t\t\t\t<div class=\"elementor-element elementor-element-8debe42 elementor-widget elementor-widget-shortcode\" data-id=\"8debe42\" data-element_type=\"widget\" data-widget_type=\"shortcode.default\">\n\t\t\t\t<div class=\"elementor-widget-container\">\n\t\t\t\t\t\t\t<div class=\"elementor-shortcode\">\n<div class=\"wpcf7 no-js\" id=\"wpcf7-f4-o1\" lang=\"en-US\" dir=\"ltr\" data-wpcf7-id=\"4\">\n<div class=\"screen-reader-response\"><p role=\"status\" aria-live=\"polite\" aria-atomic=\"true\"><\/p> <ul><\/ul><\/div>\n<form action=\"\/ru\/wp-json\/wp\/v2\/pages\/25#wpcf7-f4-o1\" method=\"post\" class=\"wpcf7-form init\" aria-label=\"Contact form\" novalidate=\"novalidate\" data-status=\"init\" data-trp-original-action=\"\/ru\/wp-json\/wp\/v2\/pages\/25#wpcf7-f4-o1\">\n<div style=\"display: none;\">\n<input type=\"hidden\" name=\"_wpcf7\" value=\"4\" \/>\n<input type=\"hidden\" name=\"_wpcf7_version\" value=\"6.0.6\" \/>\n<input type=\"hidden\" name=\"_wpcf7_locale\" value=\"en_US\" \/>\n<input type=\"hidden\" name=\"_wpcf7_unit_tag\" value=\"wpcf7-f4-o1\" \/>\n<input type=\"hidden\" name=\"_wpcf7_container_post\" value=\"0\" \/>\n<input type=\"hidden\" name=\"_wpcf7_posted_data_hash\" value=\"\" \/>\n<\/div>\n<div class=\"form_1_2\">\n\t<p><span class=\"wpcf7-form-control-wrap\" data-name=\"first-name\"><input size=\"40\" maxlength=\"400\" class=\"wpcf7-form-control wpcf7-text wpcf7-validates-as-required\" aria-required=\"true\" aria-invalid=\"false\" placeholder=\"\u0412\u0430\u0448\u0435 \u0438\u043c\u044f *\" value=\"\" type=\"text\" name=\"first-name\" \/><\/span>\n\t<\/p>\n<\/div>\n<div class=\"form_1_2 last\">\n\t<p><span class=\"wpcf7-form-control-wrap\" data-name=\"last-name\"><input size=\"40\" maxlength=\"400\" class=\"wpcf7-form-control wpcf7-text wpcf7-validates-as-required\" aria-required=\"true\" aria-invalid=\"false\" placeholder=\"\u0412\u0430\u0448\u0430 \u0444\u0430\u043c\u0438\u043b\u0438\u044f *\" value=\"\" type=\"text\" name=\"last-name\" \/><\/span>\n\t<\/p>\n<\/div>\n<div class=\"clear\">\n<\/div>\n<div class=\"form_1_2\">\n\t<p><span class=\"wpcf7-form-control-wrap\" data-name=\"your-email\"><input size=\"40\" maxlength=\"400\" class=\"wpcf7-form-control wpcf7-email wpcf7-validates-as-required wpcf7-text wpcf7-validates-as-email\" aria-required=\"true\" aria-invalid=\"false\" placeholder=\"\u0410\u0434\u0440\u0435\u0441 \u042d\u043b\u0435\u043a\u0442\u0440\u043e\u043d\u043d\u043e\u0439 \u041f\u043e\u0447\u0442\u044b *\" value=\"\" type=\"email\" name=\"your-email\" \/><\/span>\n\t<\/p>\n<\/div>\n<div class=\"form_1_2 last\">\n\t<p><span class=\"wpcf7-form-control-wrap\" data-name=\"tel-879\"><input size=\"40\" maxlength=\"400\" class=\"wpcf7-form-control wpcf7-tel wpcf7-validates-as-required wpcf7-text wpcf7-validates-as-tel\" aria-required=\"true\" aria-invalid=\"false\" placeholder=\"\u0423 \u041d\u043e\u043c\u0435\u0440\u0430 \u0422\u0435\u043b\u0435\u0444\u043e\u043d\u0430 *\" value=\"\" type=\"tel\" name=\"tel-879\" \/><\/span>\n\t<\/p>\n<\/div>\n<div class=\"clear\">\n<\/div>\n<p><span class=\"wpcf7-form-control-wrap\" data-name=\"your-subject\"><input size=\"40\" maxlength=\"400\" class=\"wpcf7-form-control wpcf7-text\" aria-invalid=\"false\" placeholder=\"\u0422\u0435\u043c\u0430\" value=\"\" type=\"text\" name=\"your-subject\" \/><\/span>\n<\/p>\n<p><span class=\"wpcf7-form-control-wrap\" data-name=\"your-message\"><textarea cols=\"40\" rows=\"10\" maxlength=\"2000\" class=\"wpcf7-form-control wpcf7-textarea\" aria-invalid=\"false\" placeholder=\"\u0421\u043e\u043e\u0431\u0449\u0435\u043d\u0438\u0435\" name=\"your-message\"><\/textarea><\/span>\n<\/p>\n<p><input class=\"wpcf7-form-control wpcf7-submit has-spinner btn btn-large btn-secondary\" type=\"submit\" value=\"\u041e\u0442\u043f\u0440\u0430\u0432\u0438\u0442\u044c \u0441\u043e\u043e\u0431\u0449\u0435\u043d\u0438\u0435\" \/>\n<\/p><div class=\"wpcf7-response-output\" aria-hidden=\"true\"><\/div>\n<input type=\"hidden\" name=\"trp-form-language\" value=\"ru\"\/><\/form>\n<\/div>\n<\/div>\n\t\t\t\t\t\t<\/div>\n\t\t\t\t<\/div>\n\t\t\t\t\t<\/div>\n\t\t<\/div>\n\t\t\t\t<div class=\"elementor-column elementor-col-50 elementor-top-column elementor-element elementor-element-da13eab\" data-id=\"da13eab\" data-element_type=\"column\">\n\t\t\t<div class=\"elementor-widget-wrap elementor-element-populated\">\n\t\t\t\t\t\t<section class=\"elementor-section elementor-inner-section elementor-element elementor-element-b607059 elementor-section-boxed elementor-section-height-default elementor-section-height-default\" data-id=\"b607059\" data-element_type=\"section\">\n\t\t\t\t\t\t<div class=\"elementor-container elementor-column-gap-default\">\n\t\t\t\t\t<div class=\"elementor-column elementor-col-50 elementor-inner-column elementor-element elementor-element-bc41404\" data-id=\"bc41404\" data-element_type=\"column\">\n\t\t\t<div class=\"elementor-widget-wrap elementor-element-populated\">\n\t\t\t\t\t\t<div class=\"elementor-element elementor-element-96a760b elementor-widget elementor-widget-text-editor\" data-id=\"96a760b\" data-element_type=\"widget\" data-widget_type=\"text-editor.default\">\n\t\t\t\t<div class=\"elementor-widget-container\">\n\t\t\t\t\t\t\t\t\t<h4>\u041d\u0430\u0448 \u0430\u0434\u0440\u0435\u0441<\/h4><p>Arapsuyu, 603. Sk. No:2 Konyaalt\u0131\/Antalya<\/p>\t\t\t\t\t\t\t\t<\/div>\n\t\t\t\t<\/div>\n\t\t\t\t\t<\/div>\n\t\t<\/div>\n\t\t\t\t<div class=\"elementor-column elementor-col-50 elementor-inner-column elementor-element elementor-element-74db22f\" data-id=\"74db22f\" data-element_type=\"column\">\n\t\t\t<div class=\"elementor-widget-wrap elementor-element-populated\">\n\t\t\t\t\t\t<div class=\"elementor-element elementor-element-2606cd8 elementor-widget elementor-widget-text-editor\" data-id=\"2606cd8\" data-element_type=\"widget\" data-widget_type=\"text-editor.default\">\n\t\t\t\t<div class=\"elementor-widget-container\">\n\t\t\t\t\t\t\t\t\t<h4>\u041a\u041e\u041d\u0422\u0410\u041a\u0422\u041d\u0410\u042f \u0418\u041d\u0424\u041e\u0420\u041c\u0410\u0426\u0418\u042f<\/h4><p>0551 403 07 07<br \/><a href=\"mailto:info@beyturinsaat.com.tr\">info@beyturinsaat.com.tr<\/a><\/p>\t\t\t\t\t\t\t\t<\/div>\n\t\t\t\t<\/div>\n\t\t\t\t\t<\/div>\n\t\t<\/div>\n\t\t\t\t\t<\/div>\n\t\t<\/section>\n\t\t\t\t<div class=\"elementor-element elementor-element-8c8dd29 elementor-widget elementor-widget-text-editor\" data-id=\"8c8dd29\" data-element_type=\"widget\" data-widget_type=\"text-editor.default\">\n\t\t\t\t<div class=\"elementor-widget-container\">\n\t\t\t\t\t\t\t\t\t<iframe src=\"https:\/\/www.google.com\/maps\/embed?pb=!1m18!1m12!1m3!1d199.47888364717207!2d30.65729669637182!3d36.87450515429398!2m3!1f0!2f0!3f0!3m2!1i1024!2i768!4f13.1!3m3!1m2!1s0x14c391afb5b8d5a7%3A0x788a6cbe0bc04732!2zQXJhcHN1eXUsIDYwMy4gU2suIE5vOjIsIDA3MDcwIEJhaHTEsWzEsSBLw7Z5w7wgS8O2ecO8L0tvbnlhYWx0xLEvQW50YWx5YQ!5e0!3m2!1str!2str!4v1665572281816!5m2!1str!2str\" width=\"100%\" height=\"450\" style=\"border:0;\" allowfullscreen=\"\" loading=\"lazy\" referrerpolicy=\"no-referrer-when-downgrade\"><\/iframe>\t\t\t\t\t\t\t\t<\/div>\n\t\t\t\t<\/div>\n\t\t\t\t\t<\/div>\n\t\t<\/div>\n\t\t\t\t\t<\/div>\n\t\t<\/section>\n\t\t\t\t<\/div>","protected":false},"excerpt":{"rendered":"<p>\u0130LET\u0130\u015e\u0130M B\u0130LG\u0130LER\u0130 Bizi aray\u0131n veya istedi\u011finiz zaman u\u011fray\u0131n, t\u00fcm sorular\u0131n\u0131z\u0131 i\u015f g\u00fcnlerinde 24 saat i\u00e7inde yan\u0131tlamaya \u00e7al\u0131\u015f\u0131yoruz.\u00a0 ADRES\u0130M\u0130Z Arapsuyu, 603. Sk. &#8230;<\/p>","protected":false},"author":1,"featured_media":0,"parent":0,"menu_order":0,"comment_status":"closed","ping_status":"closed","template":"","meta":{"footnotes":""},"class_list":["post-25","page","type-page","status-publish","hentry"],"_links":{"self":[{"href":"https:\/\/beyturinsaat.com.tr\/ru\/wp-json\/wp\/v2\/pages\/25","targetHints":{"allow":["GET"]}}],"collection":[{"href":"https:\/\/beyturinsaat.com.tr\/ru\/wp-json\/wp\/v2\/pages"}],"about":[{"href":"https:\/\/beyturinsaat.com.tr\/ru\/wp-json\/wp\/v2\/types\/page"}],"author":[{"embeddable":true,"href":"https:\/\/beyturinsaat.com.tr\/ru\/wp-json\/wp\/v2\/users\/1"}],"replies":[{"embeddable":true,"href":"https:\/\/beyturinsaat.com.tr\/ru\/wp-json\/wp\/v2\/comments?post=25"}],"version-history":[{"count":25,"href":"https:\/\/beyturinsaat.com.tr\/ru\/wp-json\/wp\/v2\/pages\/25\/revisions"}],"predecessor-version":[{"id":1925,"href":"https:\/\/beyturinsaat.com.tr\/ru\/wp-json\/wp\/v2\/pages\/25\/revisions\/1925"}],"wp:attachment":[{"href":"https:\/\/beyturinsaat.com.tr\/ru\/wp-json\/wp\/v2\/media?parent=25"}],"curies":[{"name":"wp","href":"https:\/\/api.w.org\/{rel}","templated":true}]}}