{"id":1507,"date":"2015-02-05T10:21:11","date_gmt":"2015-02-05T10:21:11","guid":{"rendered":"http:\/\/wpcharming.wpengine.com\/construction\/?page_id=17"},"modified":"2022-10-10T12:31:38","modified_gmt":"2022-10-10T12:31:38","slug":"hizmetlerimiz","status":"publish","type":"page","link":"https:\/\/beyturinsaat.com.tr\/tr\/hizmetlerimiz","title":{"rendered":"Hizmetlerimiz"},"content":{"rendered":"\t\t<div data-elementor-type=\"wp-page\" data-elementor-id=\"1507\" class=\"elementor elementor-1507\">\n\t\t\t\t\t\t<section class=\"elementor-section elementor-top-section elementor-element elementor-element-c27848f elementor-section-boxed elementor-section-height-default elementor-section-height-default\" data-id=\"c27848f\" data-element_type=\"section\">\n\t\t\t\t\t\t<div class=\"elementor-container elementor-column-gap-wide\">\n\t\t\t\t\t<div class=\"elementor-column elementor-col-100 elementor-top-column elementor-element elementor-element-4150c22\" data-id=\"4150c22\" data-element_type=\"column\">\n\t\t\t<div class=\"elementor-widget-wrap elementor-element-populated\">\n\t\t\t\t\t\t<div class=\"elementor-element elementor-element-d1027ca elementor-widget elementor-widget-wpc-page-children\" data-id=\"d1027ca\" data-element_type=\"widget\" data-widget_type=\"wpc-page-children.default\">\n\t\t\t\t<div class=\"elementor-widget-container\">\n\t\t\t\t\t\n\t\t\t<div class=\"child-page-wrapper\">\u00dczg\u00fcn\u00fcz, se\u00e7ti\u011finiz sayfan\u0131n alt\u0131nda alt sayfa yok.\n\t\t\t<\/div>\t\t\t\t<\/div>\n\t\t\t\t<\/div>\n\t\t\t\t\t<\/div>\n\t\t<\/div>\n\t\t\t\t\t<\/div>\n\t\t<\/section>\n\t\t\t\t<\/div>\n\t\t","protected":false},"excerpt":{"rendered":"<p>Metal Roofing Homeowners can have confidence in their choice of a metal roofing contractor knowing they have met certain requirements in &#8230;<\/p>\n","protected":false},"author":1,"featured_media":0,"parent":0,"menu_order":0,"comment_status":"closed","ping_status":"closed","template":"","meta":{"footnotes":""},"class_list":["post-1507","page","type-page","status-publish","hentry"],"_links":{"self":[{"href":"https:\/\/beyturinsaat.com.tr\/tr\/wp-json\/wp\/v2\/pages\/1507","targetHints":{"allow":["GET"]}}],"collection":[{"href":"https:\/\/beyturinsaat.com.tr\/tr\/wp-json\/wp\/v2\/pages"}],"about":[{"href":"https:\/\/beyturinsaat.com.tr\/tr\/wp-json\/wp\/v2\/types\/page"}],"author":[{"embeddable":true,"href":"https:\/\/beyturinsaat.com.tr\/tr\/wp-json\/wp\/v2\/users\/1"}],"replies":[{"embeddable":true,"href":"https:\/\/beyturinsaat.com.tr\/tr\/wp-json\/wp\/v2\/comments?post=1507"}],"version-history":[{"count":0,"href":"https:\/\/beyturinsaat.com.tr\/tr\/wp-json\/wp\/v2\/pages\/1507\/revisions"}],"wp:attachment":[{"href":"https:\/\/beyturinsaat.com.tr\/tr\/wp-json\/wp\/v2\/media?parent=1507"}],"curies":[{"name":"wp","href":"https:\/\/api.w.org\/{rel}","templated":true}]}}