{"id":1614,"date":"2022-10-11T10:23:15","date_gmt":"2022-10-11T10:23:15","guid":{"rendered":"https:\/\/beyturinsaat.com.tr\/?page_id=1614"},"modified":"2022-12-19T11:03:11","modified_gmt":"2022-12-19T11:03:11","slug":"biten-projeler","status":"publish","type":"page","link":"https:\/\/beyturinsaat.com.tr\/tr\/biten-projeler","title":{"rendered":"Biten Projeler"},"content":{"rendered":"\t\t<div data-elementor-type=\"wp-page\" data-elementor-id=\"1614\" class=\"elementor elementor-1614\">\n\t\t\t\t\t\t<section class=\"elementor-section elementor-top-section elementor-element elementor-element-57bc823 elementor-section-full_width elementor-section-height-default elementor-section-height-default\" data-id=\"57bc823\" data-element_type=\"section\">\n\t\t\t\t\t\t<div class=\"elementor-container elementor-column-gap-default\">\n\t\t\t\t\t<div class=\"elementor-column elementor-col-100 elementor-top-column elementor-element elementor-element-2a5fc01\" data-id=\"2a5fc01\" data-element_type=\"column\">\n\t\t\t<div class=\"elementor-widget-wrap elementor-element-populated\">\n\t\t\t\t\t\t<div class=\"elementor-element elementor-element-76d5d52 elementor-grid-3 elementor-grid-tablet-2 elementor-grid-mobile-1 elementor-posts--thumbnail-top elementor-widget elementor-widget-posts\" data-id=\"76d5d52\" data-element_type=\"widget\" data-settings=\"{&quot;classic_columns&quot;:&quot;3&quot;,&quot;classic_columns_tablet&quot;:&quot;2&quot;,&quot;classic_columns_mobile&quot;:&quot;1&quot;,&quot;classic_row_gap&quot;:{&quot;unit&quot;:&quot;px&quot;,&quot;size&quot;:35,&quot;sizes&quot;:[]},&quot;classic_row_gap_tablet&quot;:{&quot;unit&quot;:&quot;px&quot;,&quot;size&quot;:&quot;&quot;,&quot;sizes&quot;:[]},&quot;classic_row_gap_mobile&quot;:{&quot;unit&quot;:&quot;px&quot;,&quot;size&quot;:&quot;&quot;,&quot;sizes&quot;:[]}}\" data-widget_type=\"posts.classic\">\n\t\t\t\t<div class=\"elementor-widget-container\">\n\t\t\t\t\t\t\t<div class=\"elementor-posts-container elementor-posts elementor-posts--skin-classic elementor-grid\">\n\t\t\t\t<article class=\"elementor-post elementor-grid-item post-1755 portfolio type-portfolio status-publish has-post-thumbnail hentry portfolio_category-biten-projeler\">\n\t\t\t\t<a class=\"elementor-post__thumbnail__link\" href=\"https:\/\/beyturinsaat.com.tr\/tr\/projelerimiz\/the-corner-park-hotel\" >\n\t\t\t<div class=\"elementor-post__thumbnail\"><img fetchpriority=\"high\" decoding=\"async\" width=\"2560\" height=\"1440\" src=\"https:\/\/beyturinsaat.com.tr\/wp-content\/uploads\/2022\/12\/2-scaled.jpg\" class=\"attachment-full size-full wp-image-1756\" alt=\"\" srcset=\"https:\/\/beyturinsaat.com.tr\/wp-content\/uploads\/2022\/12\/2-scaled.jpg 2560w, https:\/\/beyturinsaat.com.tr\/wp-content\/uploads\/2022\/12\/2-300x169.jpg 300w, https:\/\/beyturinsaat.com.tr\/wp-content\/uploads\/2022\/12\/2-1024x576.jpg 1024w, https:\/\/beyturinsaat.com.tr\/wp-content\/uploads\/2022\/12\/2-768x432.jpg 768w, https:\/\/beyturinsaat.com.tr\/wp-content\/uploads\/2022\/12\/2-1536x864.jpg 1536w, https:\/\/beyturinsaat.com.tr\/wp-content\/uploads\/2022\/12\/2-2048x1152.jpg 2048w, https:\/\/beyturinsaat.com.tr\/wp-content\/uploads\/2022\/12\/2-18x10.jpg 18w\" sizes=\"(max-width: 2560px) 100vw, 2560px\" \/><\/div>\n\t\t<\/a>\n\t\t\t\t<div class=\"elementor-post__text\">\n\t\t\t\t<h3 class=\"elementor-post__title\">\n\t\t\t<a href=\"https:\/\/beyturinsaat.com.tr\/tr\/projelerimiz\/the-corner-park-hotel\" >\n\t\t\t\tThe Corner Park Hotel\t\t\t<\/a>\n\t\t<\/h3>\n\t\t\t\t<div class=\"elementor-post__excerpt\">\n\t\t\t\t\t<\/div>\n\t\t\n\t\t<a class=\"elementor-post__read-more\" href=\"https:\/\/beyturinsaat.com.tr\/tr\/projelerimiz\/the-corner-park-hotel\" aria-label=\"Read more about The Corner Park Hotel\" >\n\t\t\tDaha Fazlas\u0131 \u00bb\t\t<\/a>\n\n\t\t\t\t<\/div>\n\t\t\t\t<\/article>\n\t\t\t\t<article class=\"elementor-post elementor-grid-item post-1752 portfolio type-portfolio status-publish has-post-thumbnail hentry portfolio_category-biten-projeler\">\n\t\t\t\t<a class=\"elementor-post__thumbnail__link\" href=\"https:\/\/beyturinsaat.com.tr\/tr\/projelerimiz\/pacco-boutique-hotel-konyaalti\" >\n\t\t\t<div class=\"elementor-post__thumbnail\"><img decoding=\"async\" width=\"1024\" height=\"576\" src=\"https:\/\/beyturinsaat.com.tr\/wp-content\/uploads\/2022\/12\/sr8loqno2imir2pmola8.jpg\" class=\"attachment-full size-full wp-image-1753\" alt=\"\" srcset=\"https:\/\/beyturinsaat.com.tr\/wp-content\/uploads\/2022\/12\/sr8loqno2imir2pmola8.jpg 1024w, https:\/\/beyturinsaat.com.tr\/wp-content\/uploads\/2022\/12\/sr8loqno2imir2pmola8-300x169.jpg 300w, https:\/\/beyturinsaat.com.tr\/wp-content\/uploads\/2022\/12\/sr8loqno2imir2pmola8-768x432.jpg 768w, https:\/\/beyturinsaat.com.tr\/wp-content\/uploads\/2022\/12\/sr8loqno2imir2pmola8-18x10.jpg 18w\" sizes=\"(max-width: 1024px) 100vw, 1024px\" \/><\/div>\n\t\t<\/a>\n\t\t\t\t<div class=\"elementor-post__text\">\n\t\t\t\t<h3 class=\"elementor-post__title\">\n\t\t\t<a href=\"https:\/\/beyturinsaat.com.tr\/tr\/projelerimiz\/pacco-boutique-hotel-konyaalti\" >\n\t\t\t\tPacco Boutique Hotel &#8211; Konyaalt\u0131\t\t\t<\/a>\n\t\t<\/h3>\n\t\t\t\t<div class=\"elementor-post__excerpt\">\n\t\t\t\t\t<\/div>\n\t\t\n\t\t<a class=\"elementor-post__read-more\" href=\"https:\/\/beyturinsaat.com.tr\/tr\/projelerimiz\/pacco-boutique-hotel-konyaalti\" aria-label=\"Read more about Pacco Boutique Hotel &#8211; Konyaalt\u0131\" >\n\t\t\tDaha Fazlas\u0131 \u00bb\t\t<\/a>\n\n\t\t\t\t<\/div>\n\t\t\t\t<\/article>\n\t\t\t\t<article class=\"elementor-post elementor-grid-item post-1748 portfolio type-portfolio status-publish has-post-thumbnail hentry portfolio_category-biten-projeler\">\n\t\t\t\t<a class=\"elementor-post__thumbnail__link\" href=\"https:\/\/beyturinsaat.com.tr\/tr\/projelerimiz\/pamukkale-is-merkezi-muratpasa\" >\n\t\t\t<div class=\"elementor-post__thumbnail\"><img decoding=\"async\" width=\"960\" height=\"1280\" src=\"https:\/\/beyturinsaat.com.tr\/wp-content\/uploads\/2022\/12\/Pamukkale-Is-Merkezi-Muratpasa.jpeg\" class=\"attachment-full size-full wp-image-1749\" alt=\"\" srcset=\"https:\/\/beyturinsaat.com.tr\/wp-content\/uploads\/2022\/12\/Pamukkale-Is-Merkezi-Muratpasa.jpeg 960w, https:\/\/beyturinsaat.com.tr\/wp-content\/uploads\/2022\/12\/Pamukkale-Is-Merkezi-Muratpasa-225x300.jpeg 225w, https:\/\/beyturinsaat.com.tr\/wp-content\/uploads\/2022\/12\/Pamukkale-Is-Merkezi-Muratpasa-768x1024.jpeg 768w, https:\/\/beyturinsaat.com.tr\/wp-content\/uploads\/2022\/12\/Pamukkale-Is-Merkezi-Muratpasa-9x12.jpeg 9w\" sizes=\"(max-width: 960px) 100vw, 960px\" \/><\/div>\n\t\t<\/a>\n\t\t\t\t<div class=\"elementor-post__text\">\n\t\t\t\t<h3 class=\"elementor-post__title\">\n\t\t\t<a href=\"https:\/\/beyturinsaat.com.tr\/tr\/projelerimiz\/pamukkale-is-merkezi-muratpasa\" >\n\t\t\t\tPamukkale \u0130\u015f Merkezi &#8211; Muratpa\u015fa\t\t\t<\/a>\n\t\t<\/h3>\n\t\t\t\t<div class=\"elementor-post__excerpt\">\n\t\t\t\t\t<\/div>\n\t\t\n\t\t<a class=\"elementor-post__read-more\" href=\"https:\/\/beyturinsaat.com.tr\/tr\/projelerimiz\/pamukkale-is-merkezi-muratpasa\" aria-label=\"Read more about Pamukkale \u0130\u015f Merkezi &#8211; Muratpa\u015fa\" >\n\t\t\tDaha Fazlas\u0131 \u00bb\t\t<\/a>\n\n\t\t\t\t<\/div>\n\t\t\t\t<\/article>\n\t\t\t\t<article class=\"elementor-post elementor-grid-item post-1795 portfolio type-portfolio status-publish has-post-thumbnail hentry portfolio_category-biten-projeler\">\n\t\t\t\t<a class=\"elementor-post__thumbnail__link\" href=\"https:\/\/beyturinsaat.com.tr\/tr\/projelerimiz\/gunes-apartmani-hurma-konyaalti\" >\n\t\t\t<div class=\"elementor-post__thumbnail\"><img loading=\"lazy\" decoding=\"async\" width=\"768\" height=\"1024\" src=\"https:\/\/beyturinsaat.com.tr\/wp-content\/uploads\/2022\/12\/WhatsApp-Image-2022-12-17-at-20.54.16.jpeg\" class=\"attachment-full size-full wp-image-1796\" alt=\"\" srcset=\"https:\/\/beyturinsaat.com.tr\/wp-content\/uploads\/2022\/12\/WhatsApp-Image-2022-12-17-at-20.54.16.jpeg 768w, https:\/\/beyturinsaat.com.tr\/wp-content\/uploads\/2022\/12\/WhatsApp-Image-2022-12-17-at-20.54.16-225x300.jpeg 225w, https:\/\/beyturinsaat.com.tr\/wp-content\/uploads\/2022\/12\/WhatsApp-Image-2022-12-17-at-20.54.16-9x12.jpeg 9w\" sizes=\"(max-width: 768px) 100vw, 768px\" \/><\/div>\n\t\t<\/a>\n\t\t\t\t<div class=\"elementor-post__text\">\n\t\t\t\t<h3 class=\"elementor-post__title\">\n\t\t\t<a href=\"https:\/\/beyturinsaat.com.tr\/tr\/projelerimiz\/gunes-apartmani-hurma-konyaalti\" >\n\t\t\t\tG\u00fcne\u015f Apartman\u0131 &#8211; Hurma, Konyaalt\u0131\t\t\t<\/a>\n\t\t<\/h3>\n\t\t\t\t<div class=\"elementor-post__excerpt\">\n\t\t\t\t\t<\/div>\n\t\t\n\t\t<a class=\"elementor-post__read-more\" href=\"https:\/\/beyturinsaat.com.tr\/tr\/projelerimiz\/gunes-apartmani-hurma-konyaalti\" aria-label=\"Read more about G\u00fcne\u015f Apartman\u0131 &#8211; Hurma, Konyaalt\u0131\" >\n\t\t\tDaha Fazlas\u0131 \u00bb\t\t<\/a>\n\n\t\t\t\t<\/div>\n\t\t\t\t<\/article>\n\t\t\t\t<\/div>\n\t\t\n\t\t\t\t\t\t<\/div>\n\t\t\t\t<\/div>\n\t\t\t\t\t<\/div>\n\t\t<\/div>\n\t\t\t\t\t<\/div>\n\t\t<\/section>\n\t\t\t\t<\/div>\n\t\t","protected":false},"excerpt":{"rendered":"","protected":false},"author":1,"featured_media":0,"parent":0,"menu_order":0,"comment_status":"closed","ping_status":"closed","template":"","meta":{"footnotes":""},"class_list":["post-1614","page","type-page","status-publish","hentry"],"_links":{"self":[{"href":"https:\/\/beyturinsaat.com.tr\/tr\/wp-json\/wp\/v2\/pages\/1614","targetHints":{"allow":["GET"]}}],"collection":[{"href":"https:\/\/beyturinsaat.com.tr\/tr\/wp-json\/wp\/v2\/pages"}],"about":[{"href":"https:\/\/beyturinsaat.com.tr\/tr\/wp-json\/wp\/v2\/types\/page"}],"author":[{"embeddable":true,"href":"https:\/\/beyturinsaat.com.tr\/tr\/wp-json\/wp\/v2\/users\/1"}],"replies":[{"embeddable":true,"href":"https:\/\/beyturinsaat.com.tr\/tr\/wp-json\/wp\/v2\/comments?post=1614"}],"version-history":[{"count":6,"href":"https:\/\/beyturinsaat.com.tr\/tr\/wp-json\/wp\/v2\/pages\/1614\/revisions"}],"predecessor-version":[{"id":1817,"href":"https:\/\/beyturinsaat.com.tr\/tr\/wp-json\/wp\/v2\/pages\/1614\/revisions\/1817"}],"wp:attachment":[{"href":"https:\/\/beyturinsaat.com.tr\/tr\/wp-json\/wp\/v2\/media?parent=1614"}],"curies":[{"name":"wp","href":"https:\/\/api.w.org\/{rel}","templated":true}]}}