{"id":1683,"date":"2022-10-12T11:10:24","date_gmt":"2022-10-12T11:10:24","guid":{"rendered":"https:\/\/beyturinsaat.com.tr\/?page_id=1683"},"modified":"2022-10-12T11:15:52","modified_gmt":"2022-10-12T11:15:52","slug":"haberler","status":"publish","type":"page","link":"https:\/\/beyturinsaat.com.tr\/tr\/haberler","title":{"rendered":"Haberler"},"content":{"rendered":"\t\t<div data-elementor-type=\"wp-page\" data-elementor-id=\"1683\" class=\"elementor elementor-1683\">\n\t\t\t\t\t\t<section class=\"elementor-section elementor-top-section elementor-element elementor-element-1c19792 elementor-section-boxed elementor-section-height-default elementor-section-height-default\" data-id=\"1c19792\" data-element_type=\"section\">\n\t\t\t\t\t\t<div class=\"elementor-container elementor-column-gap-default\">\n\t\t\t\t\t<div class=\"elementor-column elementor-col-100 elementor-top-column elementor-element elementor-element-ddf3d80\" data-id=\"ddf3d80\" data-element_type=\"column\">\n\t\t\t<div class=\"elementor-widget-wrap elementor-element-populated\">\n\t\t\t\t\t\t<div class=\"elementor-element elementor-element-3ae481e elementor-widget elementor-widget-wpc-recent-new\" data-id=\"3ae481e\" data-element_type=\"widget\" data-widget_type=\"wpc-recent-new.default\">\n\t\t\t\t<div class=\"elementor-widget-container\">\n\t\t\t\t\t\n\t<div class=\"child-page-wrapper recent-news-wrapper\">\n\t\t\t\t\t<script type=\"text\/javascript\">\n\t\t\t\t\t\tjQuery(document).ready(function(){\n\t\t\t\t\t\t\t\"use strict\";\n\t\t\t\t\t\t\tjQuery(\".recent-news-carousel-69d0ed1376c50\").slick({\n\t\t\t\t\t\t\t\trtl: false,\n\t\t\t\t\t\t\t\tslidesToShow: 3,\n\t\t\t\t\t\t\t\tautoplay: false,\n\t\t                        autoplaySpeed: 3000 ,\n\t\t                        speed: 300,\n\t\t\t\t\t\t\t\tslidesToScroll: 1,\n\t\t\t\t\t\t\t\tdraggable: false,\n\t\t\t\t\t\t\t\tprevArrow: \"<span class='carousel-prev'><i class='fa fa-angle-left'><\/i><\/span>\",\n\t\t        \t\t\t\tnextArrow: \"<span class='carousel-next'><i class='fa fa-angle-right'><\/i><\/span>\",\n\t\t        \t\t\t\tresponsive: [{\n\t\t\t\t\t\t\t\t    breakpoint: 1024,\n\t\t\t\t\t\t\t\t    settings: {\n\t\t\t\t\t\t\t\t    slidesToShow: 3\n\t\t\t\t\t\t\t\t    }\n\t\t\t\t\t\t\t\t},\n\t\t\t\t\t\t\t\t{\n\t\t\t\t\t\t\t\t    breakpoint: 600,\n\t\t\t\t\t\t\t\t    settings: {\n\t\t\t\t\t\t\t\t    slidesToShow: 2\n\t\t\t\t\t\t\t\t    }\n\t\t\t\t\t\t\t\t},\n\t\t\t\t\t\t\t\t{\n\t\t\t\t\t\t\t\t    breakpoint: 480,\n\t\t\t\t\t\t\t\t    settings: {\n\t\t\t\t\t\t\t\t    slidesToShow: 1\n\t\t\t\t\t\t\t\t    }\n\t\t\t\t\t\t\t\t}]\n\t\t\t\t\t\t\t});\n\t\t\t\t\t\t});\n\t\t\t\t\t<\/script>\u00dczg\u00fcn\u00fcz, se\u00e7ti\u011finiz sayfan\u0131n alt\u0131nda alt sayfa yok.\n\t<\/div>\t\t\t\t<\/div>\n\t\t\t\t<\/div>\n\t\t\t\t\t<\/div>\n\t\t<\/div>\n\t\t\t\t\t<\/div>\n\t\t<\/section>\n\t\t\t\t<\/div>\n\t\t","protected":false},"excerpt":{"rendered":"<p>\u00dczg\u00fcn\u00fcz, se\u00e7ti\u011finiz sayfan\u0131n alt\u0131nda alt sayfa yok.<\/p>\n","protected":false},"author":1,"featured_media":0,"parent":0,"menu_order":0,"comment_status":"closed","ping_status":"closed","template":"","meta":{"footnotes":""},"class_list":["post-1683","page","type-page","status-publish","hentry"],"_links":{"self":[{"href":"https:\/\/beyturinsaat.com.tr\/tr\/wp-json\/wp\/v2\/pages\/1683","targetHints":{"allow":["GET"]}}],"collection":[{"href":"https:\/\/beyturinsaat.com.tr\/tr\/wp-json\/wp\/v2\/pages"}],"about":[{"href":"https:\/\/beyturinsaat.com.tr\/tr\/wp-json\/wp\/v2\/types\/page"}],"author":[{"embeddable":true,"href":"https:\/\/beyturinsaat.com.tr\/tr\/wp-json\/wp\/v2\/users\/1"}],"replies":[{"embeddable":true,"href":"https:\/\/beyturinsaat.com.tr\/tr\/wp-json\/wp\/v2\/comments?post=1683"}],"version-history":[{"count":0,"href":"https:\/\/beyturinsaat.com.tr\/tr\/wp-json\/wp\/v2\/pages\/1683\/revisions"}],"wp:attachment":[{"href":"https:\/\/beyturinsaat.com.tr\/tr\/wp-json\/wp\/v2\/media?parent=1683"}],"curies":[{"name":"wp","href":"https:\/\/api.w.org\/{rel}","templated":true}]}}