{"id":205,"date":"2015-02-07T13:15:02","date_gmt":"2015-02-07T13:15:02","guid":{"rendered":"http:\/\/wpcharming.wpengine.com\/construction\/?page_id=205"},"modified":"2023-03-17T10:16:32","modified_gmt":"2023-03-17T10:16:32","slug":"restoran","status":"publish","type":"page","link":"https:\/\/beyturinsaat.com.tr\/tr\/hizmetlerimiz\/restoran","title":{"rendered":"Restoran"},"content":{"rendered":"\t\t<div data-elementor-type=\"wp-page\" data-elementor-id=\"205\" class=\"elementor elementor-205\">\n\t\t\t\t\t\t<section class=\"elementor-section elementor-top-section elementor-element elementor-element-305daa2a elementor-section-boxed elementor-section-height-default elementor-section-height-default\" data-id=\"305daa2a\" data-element_type=\"section\">\n\t\t\t\t\t\t<div class=\"elementor-container elementor-column-gap-no\">\n\t\t\t\t\t<div class=\"elementor-column elementor-col-100 elementor-top-column elementor-element elementor-element-26578643\" data-id=\"26578643\" data-element_type=\"column\">\n\t\t\t<div class=\"elementor-widget-wrap elementor-element-populated\">\n\t\t\t\t\t\t<div class=\"elementor-element elementor-element-731fce5c elementor-widget elementor-widget-image-gallery\" data-id=\"731fce5c\" data-element_type=\"widget\" data-widget_type=\"image-gallery.default\">\n\t\t\t\t<div class=\"elementor-widget-container\">\n\t\t\t\t\t\t\t<div class=\"elementor-image-gallery\">\n\t\t\t\n        <style type='text\/css'>\n            #gallery-1 .gallery-item {\n                float: left;\n                text-align: center;\n                width: 20%;\n                margin-bottom:0;\n            }\n            #gallery-1 img {\n            }\n            #gallery-1 .gallery-caption {\n                margin-left: 0;\n            }\n        <\/style>\n\t\t<div id='gallery-1' class='gallery  gallery-columns-5 gallery-size-medium-thumb gallery-lightbox'><dl class='gallery-item'>\n            <dt class='gallery-icon'>\n                <a data-elementor-open-lightbox=\"yes\" data-elementor-lightbox-slideshow=\"731fce5c\" data-elementor-lightbox-title=\"Social Point\" data-e-action-hash=\"#elementor-action%3Aaction%3Dlightbox%26settings%3DeyJpZCI6MTY1OSwidXJsIjoiaHR0cHM6XC9cL2JleXR1cmluc2FhdC5jb20udHJcL3dwLWNvbnRlbnRcL3VwbG9hZHNcLzIwMjJcLzEwXC80LTEtMS5qcGciLCJzbGlkZXNob3ciOiI3MzFmY2U1YyJ9\" href='https:\/\/beyturinsaat.com.tr\/wp-content\/uploads\/2022\/10\/4-1-1.jpg'><img fetchpriority=\"high\" decoding=\"async\" width=\"600\" height=\"300\" src=\"https:\/\/beyturinsaat.com.tr\/wp-content\/uploads\/2022\/10\/4-1-1-600x300.jpg\" class=\"attachment-medium-thumb size-medium-thumb\" alt=\"\" srcset=\"https:\/\/beyturinsaat.com.tr\/wp-content\/uploads\/2022\/10\/4-1-1-600x300.jpg 600w, https:\/\/beyturinsaat.com.tr\/wp-content\/uploads\/2022\/10\/4-1-1-400x200.jpg 400w, https:\/\/beyturinsaat.com.tr\/wp-content\/uploads\/2022\/10\/4-1-1-800x400.jpg 800w\" sizes=\"(max-width: 600px) 100vw, 600px\" \/><\/a>\n            <\/dt><\/dl><dl class='gallery-item'>\n            <dt class='gallery-icon'>\n                <a data-elementor-open-lightbox=\"yes\" data-elementor-lightbox-slideshow=\"731fce5c\" data-elementor-lightbox-title=\"Social Point\" data-e-action-hash=\"#elementor-action%3Aaction%3Dlightbox%26settings%3DeyJpZCI6MTY2MiwidXJsIjoiaHR0cHM6XC9cL2JleXR1cmluc2FhdC5jb20udHJcL3dwLWNvbnRlbnRcL3VwbG9hZHNcLzIwMjJcLzEwXC8yMS0xLmpwZyIsInNsaWRlc2hvdyI6IjczMWZjZTVjIn0%3D\" href='https:\/\/beyturinsaat.com.tr\/wp-content\/uploads\/2022\/10\/21-1.jpg'><img decoding=\"async\" width=\"600\" height=\"300\" src=\"https:\/\/beyturinsaat.com.tr\/wp-content\/uploads\/2022\/10\/21-1-600x300.jpg\" class=\"attachment-medium-thumb size-medium-thumb\" alt=\"\" srcset=\"https:\/\/beyturinsaat.com.tr\/wp-content\/uploads\/2022\/10\/21-1-600x300.jpg 600w, https:\/\/beyturinsaat.com.tr\/wp-content\/uploads\/2022\/10\/21-1-400x200.jpg 400w, https:\/\/beyturinsaat.com.tr\/wp-content\/uploads\/2022\/10\/21-1-800x400.jpg 800w\" sizes=\"(max-width: 600px) 100vw, 600px\" \/><\/a>\n            <\/dt><\/dl><dl class='gallery-item'>\n            <dt class='gallery-icon'>\n                <a data-elementor-open-lightbox=\"yes\" data-elementor-lightbox-slideshow=\"731fce5c\" data-elementor-lightbox-title=\"Social Point\" data-e-action-hash=\"#elementor-action%3Aaction%3Dlightbox%26settings%3DeyJpZCI6MTY2MCwidXJsIjoiaHR0cHM6XC9cL2JleXR1cmluc2FhdC5jb20udHJcL3dwLWNvbnRlbnRcL3VwbG9hZHNcLzIwMjJcLzEwXC8xMS0xLmpwZyIsInNsaWRlc2hvdyI6IjczMWZjZTVjIn0%3D\" href='https:\/\/beyturinsaat.com.tr\/wp-content\/uploads\/2022\/10\/11-1.jpg'><img decoding=\"async\" width=\"600\" height=\"300\" src=\"https:\/\/beyturinsaat.com.tr\/wp-content\/uploads\/2022\/10\/11-1-600x300.jpg\" class=\"attachment-medium-thumb size-medium-thumb\" alt=\"\" srcset=\"https:\/\/beyturinsaat.com.tr\/wp-content\/uploads\/2022\/10\/11-1-600x300.jpg 600w, https:\/\/beyturinsaat.com.tr\/wp-content\/uploads\/2022\/10\/11-1-400x200.jpg 400w, https:\/\/beyturinsaat.com.tr\/wp-content\/uploads\/2022\/10\/11-1-800x400.jpg 800w\" sizes=\"(max-width: 600px) 100vw, 600px\" \/><\/a>\n            <\/dt><\/dl><dl class='gallery-item'>\n            <dt class='gallery-icon'>\n                <a data-elementor-open-lightbox=\"yes\" data-elementor-lightbox-slideshow=\"731fce5c\" data-elementor-lightbox-title=\"Social Point\" data-e-action-hash=\"#elementor-action%3Aaction%3Dlightbox%26settings%3DeyJpZCI6MTY2MSwidXJsIjoiaHR0cHM6XC9cL2JleXR1cmluc2FhdC5jb20udHJcL3dwLWNvbnRlbnRcL3VwbG9hZHNcLzIwMjJcLzEwXC8xMy0xLmpwZyIsInNsaWRlc2hvdyI6IjczMWZjZTVjIn0%3D\" href='https:\/\/beyturinsaat.com.tr\/wp-content\/uploads\/2022\/10\/13-1.jpg'><img loading=\"lazy\" decoding=\"async\" width=\"600\" height=\"300\" src=\"https:\/\/beyturinsaat.com.tr\/wp-content\/uploads\/2022\/10\/13-1-600x300.jpg\" class=\"attachment-medium-thumb size-medium-thumb\" alt=\"\" srcset=\"https:\/\/beyturinsaat.com.tr\/wp-content\/uploads\/2022\/10\/13-1-600x300.jpg 600w, https:\/\/beyturinsaat.com.tr\/wp-content\/uploads\/2022\/10\/13-1-400x200.jpg 400w, https:\/\/beyturinsaat.com.tr\/wp-content\/uploads\/2022\/10\/13-1-800x400.jpg 800w\" sizes=\"(max-width: 600px) 100vw, 600px\" \/><\/a>\n            <\/dt><\/dl><dl class='gallery-item'>\n            <dt class='gallery-icon'>\n                <a data-elementor-open-lightbox=\"yes\" data-elementor-lightbox-slideshow=\"731fce5c\" data-elementor-lightbox-title=\"Social Point\" data-e-action-hash=\"#elementor-action%3Aaction%3Dlightbox%26settings%3DeyJpZCI6MTY2NCwidXJsIjoiaHR0cHM6XC9cL2JleXR1cmluc2FhdC5jb20udHJcL3dwLWNvbnRlbnRcL3VwbG9hZHNcLzIwMjJcLzEwXC82Mi1zY2FsZWQuanBnIiwic2xpZGVzaG93IjoiNzMxZmNlNWMifQ%3D%3D\" href='https:\/\/beyturinsaat.com.tr\/wp-content\/uploads\/2022\/10\/62-scaled.jpg'><img loading=\"lazy\" decoding=\"async\" width=\"600\" height=\"300\" src=\"https:\/\/beyturinsaat.com.tr\/wp-content\/uploads\/2022\/10\/62-600x300.jpg\" class=\"attachment-medium-thumb size-medium-thumb\" alt=\"\" srcset=\"https:\/\/beyturinsaat.com.tr\/wp-content\/uploads\/2022\/10\/62-600x300.jpg 600w, https:\/\/beyturinsaat.com.tr\/wp-content\/uploads\/2022\/10\/62-400x200.jpg 400w, https:\/\/beyturinsaat.com.tr\/wp-content\/uploads\/2022\/10\/62-800x400.jpg 800w\" sizes=\"(max-width: 600px) 100vw, 600px\" \/><\/a>\n            <\/dt><\/dl><div class=\"clear\"><\/div>\n            <div class=\"clear\"><\/div>\n        <\/div>\n\t\t<\/div>\n\t\t\t\t\t\t<\/div>\n\t\t\t\t<\/div>\n\t\t\t\t\t<\/div>\n\t\t<\/div>\n\t\t\t\t\t<\/div>\n\t\t<\/section>\n\t\t\t\t<section class=\"elementor-section elementor-top-section elementor-element elementor-element-66ec367a elementor-section-boxed elementor-section-height-default elementor-section-height-default\" data-id=\"66ec367a\" data-element_type=\"section\">\n\t\t\t\t\t\t<div class=\"elementor-container elementor-column-gap-no\">\n\t\t\t\t\t<div class=\"elementor-column elementor-col-50 elementor-top-column elementor-element elementor-element-436246b\" data-id=\"436246b\" data-element_type=\"column\">\n\t\t\t<div class=\"elementor-widget-wrap elementor-element-populated\">\n\t\t\t\t\t\t<div class=\"elementor-element elementor-element-6ac5c602 elementor-widget elementor-widget-text-editor\" data-id=\"6ac5c602\" data-element_type=\"widget\" data-widget_type=\"text-editor.default\">\n\t\t\t\t<div class=\"elementor-widget-container\">\n\t\t\t\t\t\t\t\t\t<h2><span class=\"teaser\">Biz Kimiz?<\/span><\/h2><p>E\u015fsiz Antalya k\u00f6rfezinin d\u00fcnyaca \u00fcnl\u00fc plaj\u0131 Konyaalt\u0131\u2019nda 2018 y\u0131l\u0131nda kap\u0131lar\u0131n\u0131 a\u00e7an i\u015fletmemiz, yeni nesil hizmet anlay\u0131\u015f\u0131n\u0131, benzersiz lezzet ve sunumlar\u0131, keyifli atmosferi ve modern dizayn\u0131 ile s\u00fcslemi\u015f ve her y\u0131l milyonlarca d\u00fcnya insan\u0131na ev sahipli\u011fi yapan Antalya kenti ile bulu\u015fturmu\u015ftur.<\/p><h2>Kaliteden \u00f6d\u00fcn vermeyin.<\/h2><h2><span class=\"teaser\">Kalite ve G\u00fclery\u00fcz<\/span><\/h2><p>Baz\u0131 durumlarda kaliteden \u00f6d\u00fcn veremezsiniz. Social Point sizlere kaliteden vazge\u00e7meden rahat bir ortamda d\u00fcnya lezzetlerini tatma imkan\u0131 veriyor. \u00d6zel vale hizmetimiz sayesinde arac\u0131n\u0131z\u0131n g\u00fcvenli\u011finden endi\u015fe etmeden rahatl\u0131kla d\u00fcnya lezzetlerimizi deneyebilirsiniz.<\/p><p>\u00a0<br \/><a class=\"btn btn-primary\" style=\"text-align: left; line-height: 25px; letter-spacing: 1px; font-weight: 500; padding: 11px 18px 13px; border-radius: 2px; margin-bottom: 3px; margin-right: 5px; margin-top: 3px;\" href=\"https:\/\/socialpoint.com.tr\/\" data-stylerecorder=\"true\">WEBS\u0130TES\u0130N\u0130 Z\u0130YARET ED\u0130N\u00bb<\/a><\/p>\t\t\t\t\t\t\t\t<\/div>\n\t\t\t\t<\/div>\n\t\t\t\t\t<\/div>\n\t\t<\/div>\n\t\t\t\t<div class=\"elementor-column elementor-col-50 elementor-top-column elementor-element elementor-element-2260ec9f\" data-id=\"2260ec9f\" data-element_type=\"column\">\n\t\t\t<div class=\"elementor-widget-wrap elementor-element-populated\">\n\t\t\t\t\t\t<div class=\"elementor-element elementor-element-89b1797 elementor-widget elementor-widget-image\" data-id=\"89b1797\" data-element_type=\"widget\" data-widget_type=\"image.default\">\n\t\t\t\t<div class=\"elementor-widget-container\">\n\t\t\t\t\t\t\t\t\t\t\t\t\t\t\t<img loading=\"lazy\" decoding=\"async\" width=\"800\" height=\"800\" src=\"https:\/\/beyturinsaat.com.tr\/wp-content\/uploads\/2022\/10\/52-1024x1024.jpg\" class=\"attachment-large size-large wp-image-1665\" alt=\"\" srcset=\"https:\/\/beyturinsaat.com.tr\/wp-content\/uploads\/2022\/10\/52-1024x1024.jpg 1024w, https:\/\/beyturinsaat.com.tr\/wp-content\/uploads\/2022\/10\/52-300x300.jpg 300w, https:\/\/beyturinsaat.com.tr\/wp-content\/uploads\/2022\/10\/52-150x150.jpg 150w, https:\/\/beyturinsaat.com.tr\/wp-content\/uploads\/2022\/10\/52-768x768.jpg 768w, https:\/\/beyturinsaat.com.tr\/wp-content\/uploads\/2022\/10\/52.jpg 1080w\" sizes=\"(max-width: 800px) 100vw, 800px\" \/>\t\t\t\t\t\t\t\t\t\t\t\t\t\t\t<\/div>\n\t\t\t\t<\/div>\n\t\t\t\t\t<\/div>\n\t\t<\/div>\n\t\t\t\t\t<\/div>\n\t\t<\/section>\n\t\t\t\t<\/div>\n\t\t","protected":false},"excerpt":{"rendered":"<p>As the general contractor, we first create the highest level of trust and integrity with our clients. We value our role in the success of your project.<\/p>\n","protected":false},"author":1,"featured_media":1973,"parent":1507,"menu_order":0,"comment_status":"closed","ping_status":"closed","template":"","meta":{"footnotes":""},"class_list":["post-205","page","type-page","status-publish","has-post-thumbnail","hentry"],"_links":{"self":[{"href":"https:\/\/beyturinsaat.com.tr\/tr\/wp-json\/wp\/v2\/pages\/205","targetHints":{"allow":["GET"]}}],"collection":[{"href":"https:\/\/beyturinsaat.com.tr\/tr\/wp-json\/wp\/v2\/pages"}],"about":[{"href":"https:\/\/beyturinsaat.com.tr\/tr\/wp-json\/wp\/v2\/types\/page"}],"author":[{"embeddable":true,"href":"https:\/\/beyturinsaat.com.tr\/tr\/wp-json\/wp\/v2\/users\/1"}],"replies":[{"embeddable":true,"href":"https:\/\/beyturinsaat.com.tr\/tr\/wp-json\/wp\/v2\/comments?post=205"}],"version-history":[{"count":1,"href":"https:\/\/beyturinsaat.com.tr\/tr\/wp-json\/wp\/v2\/pages\/205\/revisions"}],"predecessor-version":[{"id":1827,"href":"https:\/\/beyturinsaat.com.tr\/tr\/wp-json\/wp\/v2\/pages\/205\/revisions\/1827"}],"up":[{"embeddable":true,"href":"https:\/\/beyturinsaat.com.tr\/tr\/wp-json\/wp\/v2\/pages\/1507"}],"wp:featuredmedia":[{"embeddable":true,"href":"https:\/\/beyturinsaat.com.tr\/tr\/wp-json\/wp\/v2\/media\/1973"}],"wp:attachment":[{"href":"https:\/\/beyturinsaat.com.tr\/tr\/wp-json\/wp\/v2\/media?parent=205"}],"curies":[{"name":"wp","href":"https:\/\/api.w.org\/{rel}","templated":true}]}}